{"id":446,"date":"2021-01-25T17:01:32","date_gmt":"2021-01-25T16:01:32","guid":{"rendered":"https:\/\/www.maxrounds.com\/?post_type=product&#038;p=446"},"modified":"2023-04-20T17:37:18","modified_gmt":"2023-04-20T15:37:18","slug":"konverze-pro-molot-vepr-12-feedtowers","status":"publish","type":"product","link":"https:\/\/www.maxrounds.com\/en\/product\/konverze-pro-molot-vepr-12-feedtowers\/","title":{"rendered":"Conversion for Molot Vepr 12 \u2013 feedtowers"},"content":{"rendered":"<p>&nbsp;<\/p>\n<table border=\"1\" cellspacing=\"2\" cellpadding=\"2\" align=\"left\">\n<tbody>\n<tr>\n<td colspan=\"2\"><strong>Technical specifications<\/strong><\/td>\n<\/tr>\n<tr>\n<td>Shotgun<\/td>\n<td>Molot Vepr 12, Saiga 12 s origin\u00e1ln\u00edm plastov\u00fdm roz\u0161\u00ed\u0159en\u00edm z\u00e1sobn\u00edkov\u00e9 \u0161achty<\/td>\n<\/tr>\n<tr>\n<td>Material<\/td>\n<td>tvrzen\u00fd dural, nerezov\u00e1 ocel<\/td>\n<\/tr>\n<tr>\n<td>Package contents<\/td>\n<td><span class=\"TextHighlight\">front part of feedtowers<br \/>\nback part of feedtowers with feedlips<br \/>\n2x screw M3x25<br \/>\n2x screw M3x20<br \/>\n4x screw M3x12<br \/>\nSet of stickers<\/span><\/td>\n<\/tr>\n<tr>\n<td>Warning<\/td>\n<td><span class=\"TextHighlight\">Price does not include shipping<\/span><\/td>\n<\/tr>\n<tr>\n<td>Note<\/td>\n<td>PowerMag not included<\/td>\n<\/tr>\n<\/tbody>\n<\/table>","protected":false},"excerpt":{"rendered":"<p><span class=\"TextHighlight\">front part of feedtowers<br \/>\nback part of feedtowers with feedlips<br \/>\n2x screw M3x25<br \/>\n2x screw M3x20<br \/>\n4x screw M3x12<br \/>\nSet of stickers<\/span><\/p>","protected":false},"featured_media":447,"template":"","meta":[],"product_brand":[],"product_cat":[15],"product_tag":[],"class_list":{"0":"post-446","1":"product","2":"type-product","3":"status-publish","4":"has-post-thumbnail","6":"product_cat-obchod","8":"first","9":"instock","10":"shipping-taxable","11":"purchasable","12":"product-type-simple"},"_links":{"self":[{"href":"https:\/\/www.maxrounds.com\/en\/wp-json\/wp\/v2\/product\/446","targetHints":{"allow":["GET"]}}],"collection":[{"href":"https:\/\/www.maxrounds.com\/en\/wp-json\/wp\/v2\/product"}],"about":[{"href":"https:\/\/www.maxrounds.com\/en\/wp-json\/wp\/v2\/types\/product"}],"version-history":[{"count":1,"href":"https:\/\/www.maxrounds.com\/en\/wp-json\/wp\/v2\/product\/446\/revisions"}],"predecessor-version":[{"id":1230,"href":"https:\/\/www.maxrounds.com\/en\/wp-json\/wp\/v2\/product\/446\/revisions\/1230"}],"wp:featuredmedia":[{"embeddable":true,"href":"https:\/\/www.maxrounds.com\/en\/wp-json\/wp\/v2\/media\/447"}],"wp:attachment":[{"href":"https:\/\/www.maxrounds.com\/en\/wp-json\/wp\/v2\/media?parent=446"}],"wp:term":[{"taxonomy":"product_brand","embeddable":true,"href":"https:\/\/www.maxrounds.com\/en\/wp-json\/wp\/v2\/product_brand?post=446"},{"taxonomy":"product_cat","embeddable":true,"href":"https:\/\/www.maxrounds.com\/en\/wp-json\/wp\/v2\/product_cat?post=446"},{"taxonomy":"product_tag","embeddable":true,"href":"https:\/\/www.maxrounds.com\/en\/wp-json\/wp\/v2\/product_tag?post=446"}],"curies":[{"name":"wp","href":"https:\/\/api.w.org\/{rel}","templated":true}]}}