{"id":680,"date":"2021-01-29T14:37:01","date_gmt":"2021-01-29T13:37:01","guid":{"rendered":"https:\/\/www.maxrounds.com\/?page_id=680"},"modified":"2021-02-01T15:53:36","modified_gmt":"2021-02-01T14:53:36","slug":"maxrounds-trommelmagazin-fur-die-saiga-flinte","status":"publish","type":"page","link":"https:\/\/www.maxrounds.com\/en\/maxrounds-trommelmagazin-fur-die-saiga-flinte\/","title":{"rendered":"Maxrounds &#8211; Trommelmagazin f\u00fcr die Saiga-Flinte"},"content":{"rendered":"<div <br \/>\n<b>Warning<\/b>:  Increment on type bool has no effect, this will change in the next major version of PHP in <b>\/home\/webhosting\/maxrounds.com\/html\/www.maxrounds.com\/wp-content\/plugins\/elementor\/includes\/base\/controls-stack.php<\/b> on line <b>741<\/b><br \/>\ndata-elementor-type=\"wp-page\" data-elementor-id=\"680\" class=\"elementor elementor-680\">\n\t\t\t\t\t\t<section class=\"elementor-section elementor-top-section elementor-element elementor-element-dab1887 elementor-section-boxed elementor-section-height-default elementor-section-height-default\" data-id=\"dab1887\" data-element_type=\"section\" data-e-type=\"section\">\n\t\t\t\t\t\t<div class=\"elementor-container elementor-column-gap-default\">\n\t\t\t\t\t<div class=\"elementor-column elementor-col-100 elementor-top-column elementor-element elementor-element-943d57d\" data-id=\"943d57d\" data-element_type=\"column\" data-e-type=\"column\">\n\t\t\t<div class=\"elementor-widget-wrap elementor-element-populated\">\n\t\t\t\t\t\t<div class=\"elementor-element elementor-element-98344ba elementor-widget elementor-widget-text-editor\" data-id=\"98344ba\" data-element_type=\"widget\" data-e-type=\"widget\" data-widget_type=\"text-editor.default\">\n\t\t\t\t<div class=\"elementor-widget-container\">\n\t\t\t\t\t\t\t\t\t<p><strong>Kampfwertsteigerung f\u00fcr Spezialeinheiten oder n\u00fctzliches Zubeh\u00f6r f\u00fcr IPSC-Sch\u00fctzen? Wohl beides, denn mit 20 Patronen geladen, macht die halbautomatische Saiga 12 bez\u00fcglich Feuerst\u00e4rke einen gewaltigen Sprung nach vorn. Per Umbaukit funktioniert das Trommelmagazin auch auf der Molot Vepr 12.<\/strong><\/p><p>Text: L\u00e1szl\u00f3 Tolvaj<br \/>Fotos: Hans Mosimann,L\u00e1szl\u00f3 Tolvaj<\/p><h3>Technische Daten:<\/h3><ul><li>Bezeichnung: PowerMag 700<\/li><li>Art: Trommelmagazin mit Federwerkantrieb<\/li><li>Kompatibel: Saiga 12, Molot Vepr (mit Umbaukit)<\/li><\/ul><h3>Hersteller\/Bezugsquelle:<\/h3><ul><li>Maxrounds\u00a0<a href=\"http:\/\/www.maxrounds.com\/en\/undefined\/\">www.maxrounds.com<\/a><\/li><li>Gewicht: 670 g (leer)<\/li><li>Durchmesser: 155 mm (Trommel)<\/li><li>H\u00f6he: 228 mm<\/li><li>Tiefe: 81 mm<\/li><li>Kaliber: 12\/3\u201c<\/li><li>Kapazit\u00e4t: 20 Patronen<\/li><li>Werkstoff: Aluminium, Stahl, Kunststoff<\/li><\/ul><h3>Preise:<\/h3><ul><li>758 Euro (zwei Magazine in Alu-Koffer)<\/li><li>429 Euro (ein Magazin in Alu-Koffer)<\/li><li>379 Euro (ein Magazin ohne Zubeh\u00f6r)<\/li><\/ul><h3>Umbaukit f\u00fcr Molot Vepr<\/h3><ul><li>240 Euro<\/li><\/ul><p>Darauf haben zumindest lPSC-Sch\u00fctzen schon lange gewartet: das Hi-Cap-Magazin f\u00fcr die Schrot\u00adflinte. Nat\u00fcrlich nicht f\u00fcr irgend eine Flinte, denn beim sportlichen-dynamischen Schiessen mit Schrot oder Flintenlaufgeschoss haben sich in den vergangenen Jahren Flinten mit Kastenmagazin gegen\u00fcber den herk\u00f6mmlichen \u00abPumpen\u00bb oder Halbautomaten mit ihren R\u00f6hrenmagazinen durchge\u00adsetzt. Flinten mit R\u00f6hrenmagazin m\u00f6gen kompakt und f\u00fchrig sein, wenn es aber ums Laden oder Nachladen geht, geraten sie arg ins Hintertreffen, denn hier geht es \u00e4hnlich wie beim Revolver ohne ausschwenkbare Trommel nur \u00abone by one\u00bb, also eine Pat\u00adrone nach der andern.<\/p><p>Vor etwa 15 Jahren haben zwar einige fin\u00addige K\u00f6pfe eine Art Schnelllader f\u00fcr die Flinte (mit R\u00f6hrenmaga\u00adzin) entwickelt, wobei die vorher abgef\u00fcllten Schrotpatronen in einem kurzen Zug von einem Rohr (Schnelllader) ins andere Rohr (Magazin) verschoben werden, das Ding braucht aber viel \u00dcbung und geschickte H\u00e4nde, damit es zur Zufriedenheit des Wett\u00adkampfsch\u00fctzen funktioniert. Kommt hinzu, dass es je nach Anlage des Parcours ge\u00adschehen kann, dass der Sch\u00fctze von Schrot auf Slug oder umge\u00adkehrt wechseln muss, und dies nat\u00fcrlich m\u00f6glichst subito. Mit einem R\u00f6hrenmagazin bleibt ihm nichts anderes \u00fcbrig, als wiederum jede Patrone einzeln hinaus zu repetieren und dann die R\u00f6hre neu zu f\u00fcllen, w\u00e4h\u00adrenddem bei einem Kastenma\u00adgazin lediglich ein kurzer Maga\u00adzinwechsel angesagt ist, eventuell begleitet von einem Repe\u00adtiervorgang.Leider gibt es bis heute nur ein sehr bescheidenes Angebot, was Flinten mit Kastenmagazin betrifft. Da ist einerseits die ita\u00adlienische Franchi SPAS-15, ein halbautomatischer Gasdruckla\u00adder, welcher sich auf manuell (Pump Action) umstellen l\u00e4sst, damit auch Patronen mit schwa\u00adcher Ladung\/Gasdruck sicher hineinrepetiert werden k\u00f6nnen. Vor knapp zehn Jahren ist die Saiga 12, ein Abk\u00f6mmling der Kalashnikov-Familie, auf dem Markt erschienen, sie wurde im IWM 1-2\/2000 vorgestellt. Sp\u00e4\u00adter kam noch die Molot Vepr 12 hinzu (siehe SWM 2\/2007), wel\u00adche ganz \u00e4hnlich aufgebaut ist.<\/p><p>Da in den vergangenen Jah\u00adren auch das Flintenschiessen nach IPSC an Verbreitung ge\u00adwonnen hat, war es nur noch eine Frage der Zeit, bis sich je\u00admand mit der Frage auseinan\u00addersetzen w\u00fcrde, wie man bei solchen Waffen die Magazinkapazit\u00e4t vergr\u00f6ssern kann. Hier tritt nun die Firma Maxrounds in Erscheinung, deren Trommelmagazin Platz f\u00fcr 20 Patronen im Kaliber 12\/3\u201c bie\u00adtet. Ab Werk passt das Magazin ohne Nacharbeit in den Saiga-Halbautomaten. Um eine jeder\u00adzeit sichere Funktion zu errei\u00adchen, muss am Anfang noch die passende Munition eruiert wer den, unter 32 Gramm Schrotgewicht sollte man nicht gehen, die Gasabnahme ist in die Position \u00ab1\u00bb einzustellen. So ger\u00fcs\u00adtet, sind die Schussfolgen ebenso schnell wie aus dem Kasten-Magazin, dauern aber um einiges l\u00e4nger an.<\/p><h3>Aus dem Vollen<\/h3><p>Das Magazin besteht in sei\u00adnen Hauptteilen aus Vorder- und R\u00fcckseite mit einem Durchmes\u00adser von rund 155 mm, einem in\u00adnenliegenden, doppelten Zahn kranz sowie den beiden aufge\u00adschraubten Stegen, die in den Magazinschacht reichen. Alle diese Teile bestehen aus Aluminium und sind aus dem Vollen gefr\u00e4st. Eine Blattfeder aus Stahl sowie einige Zubringer- teile aus Kunststoff vervollst\u00e4ndigen die Teileliste, das Ganze macht einen seri\u00f6sen Eindruck. F\u00fcr Besitzer der Molot Vepr wird ein Umr\u00fcstkit angeboten, wobei das Um r\u00fcsten eines Magazines mit 240 Euro zu Buche schl\u00e4gt. Bei drei Magazinen w\u00fcrde sich die Anschaffung einer passenden Saiga bereits lohnen, allerdings sind diese zur Zeit bei uns nur schwer erh\u00e4ltlich. Unser Testex\u00ademplar stellte uns freundlicher\u00adweise Lagard\u00e8re in La Chaux-de-Fonds zur Verf\u00fcgung. Die Maga\u00adzine selber sind nur via Internet<\/p><p>(<a href=\"http:\/\/www.maxrounds.com\/en\/undefined\/\">www.maxrounds.com<\/a>\u00a0) erh\u00e4lt\u00adlich.<\/p><p><style id=\"bwg-style-0\">    #bwg_container1_0 #bwg_container2_0 .bwg-container-0.bwg-standard-thumbnails {      width: 1254px;              justify-content: center;        margin:0 auto !important;              background-color: rgba(255, 255, 255, 0.00);            padding-left: 4px;      padding-top: 4px;      max-width: 100%;            }        #bwg_container1_0 #bwg_container2_0 .bwg-container-0.bwg-standard-thumbnails .bwg-item {    justify-content: flex-start;      max-width: 250px;          }    #bwg_container1_0 #bwg_container2_0 .bwg-container-0.bwg-standard-thumbnails .bwg-item a {       margin-right: 4px;       margin-bottom: 4px;    }    #bwg_container1_0 #bwg_container2_0 .bwg-container-0.bwg-standard-thumbnails .bwg-item0 {      padding: 0px;            background-color:rgba(0,0,0, 0.30);      border: 0px none #CCCCCC;      opacity: 1.00;      border-radius: 0;      box-shadow: ;    }    #bwg_container1_0 #bwg_container2_0 .bwg-container-0.bwg-standard-thumbnails .bwg-item1 img {      max-height: none;      max-width: none;      padding: 0 !important;    }         @media only screen and (min-width: 480px) {\t\t#bwg_container1_0 #bwg_container2_0 .bwg-container-0.bwg-standard-thumbnails .bwg-item1 img {\t\t\t-webkit-transition: all .3s; transition: all .3s;\t\t}\t\t#bwg_container1_0 #bwg_container2_0 .bwg-container-0.bwg-standard-thumbnails .bwg-item1 img:hover {\t\t\t-ms-transform: scale(1.08);\t\t\t-webkit-transform: scale(1.08);\t\t\ttransform: scale(1.08);\t\t}\t\t\t\t.bwg-standard-thumbnails .bwg-zoom-effect .bwg-zoom-effect-overlay {\t\t\t\t\t\tbackground-color:rgba(0,0,0, 0.3);\t\t}\t\t.bwg-standard-thumbnails .bwg-zoom-effect:hover img {\t\t\t-ms-transform: scale(1.08);\t\t\t-webkit-transform: scale(1.08);\t\t\ttransform: scale(1.08);\t\t}\t\t      }\t    #bwg_container1_0 #bwg_container2_0 .bwg-container-0.bwg-standard-thumbnails .bwg-item1 {      padding-top: 56%;    }        #bwg_container1_0 #bwg_container2_0 .bwg-container-0.bwg-standard-thumbnails .bwg-title1 {      position: absolute;      top: 0;      z-index: 100;      width: 100%;      height: 100%;      display: flex;      justify-content: center;      align-content: center;      flex-direction: column;      opacity: 0;    }\t      #bwg_container1_0 #bwg_container2_0 .bwg-container-0.bwg-standard-thumbnails .bwg-title2,    #bwg_container1_0 #bwg_container2_0 .bwg-container-0.bwg-standard-thumbnails .bwg-ecommerce2 {      color: #FFFFFF;      font-family: Ubuntu;      font-size: 16px;      font-weight: bold;      padding: 2px;      text-shadow: ;      max-height: 100%;    }    #bwg_container1_0 #bwg_container2_0 .bwg-container-0.bwg-standard-thumbnails .bwg-thumb-description span {    color: #323A45;    font-family: Ubuntu;    font-size: 12px;    max-height: 100%;    word-wrap: break-word;    }    #bwg_container1_0 #bwg_container2_0 .bwg-container-0.bwg-standard-thumbnails .bwg-play-icon2 {      font-size: 32px;    }    #bwg_container1_0 #bwg_container2_0 .bwg-container-0.bwg-standard-thumbnails .bwg-ecommerce2 {      font-size: 19.2px;      color: #323A45;    }    <\/style>    <div id=\"bwg_container1_0\"         class=\"bwg_container bwg_thumbnail bwg_thumbnails\"         data-right-click-protection=\"0\"         data-bwg=\"0\"         data-scroll=\"0\"         data-gallery-type=\"thumbnails\"         data-gallery-view-type=\"thumbnails\"         data-current-url=\"\/en\/wp-json\/wp\/v2\/pages\/680\"         data-lightbox-url=\"https:\/\/www.maxrounds.com\/wp-admin\/admin-ajax.php?action=GalleryBox&#038;current_view=0&#038;gallery_id=6&#038;tag=0&#038;theme_id=1&#038;shortcode_id=26&#038;sort_by=order&#038;order_by=asc&#038;current_url=%2Fen%2Fwp-json%2Fwp%2Fv2%2Fpages%2F680\"         data-gallery-id=\"6\"         data-popup-width=\"800\"         data-popup-height=\"500\"         data-is-album=\"gallery\"         data-buttons-position=\"bottom\">      <div id=\"bwg_container2_0\">             <div id=\"ajax_loading_0\" class=\"bwg_loading_div_1\">      <div class=\"bwg_loading_div_2\">        <div class=\"bwg_loading_div_3\">          <div id=\"loading_div_0\" class=\"bwg_spider_ajax_loading\">          <\/div>        <\/div>      <\/div>    <\/div>            <form id=\"gal_front_form_0\"              class=\"bwg-hidden\"              method=\"post\"              action=\"#\"              data-current=\"0\"              data-shortcode-id=\"26\"              data-gallery-type=\"thumbnails\"              data-gallery-id=\"6\"              data-tag=\"0\"              data-album-id=\"0\"              data-theme-id=\"1\"              data-ajax-url=\"https:\/\/www.maxrounds.com\/wp-admin\/admin-ajax.php?action=bwg_frontend_data\" data-trp-original-action=\"#\">          <div id=\"bwg_container3_0\" class=\"bwg-background bwg-background-0\">                <div data-max-count=\"5\"         data-thumbnail-width=\"250\"         data-bwg=\"0\"         data-gallery-id=\"6\"         data-lightbox-url=\"https:\/\/www.maxrounds.com\/wp-admin\/admin-ajax.php?action=GalleryBox&amp;current_view=0&amp;gallery_id=6&amp;tag=0&amp;theme_id=1&amp;shortcode_id=26&amp;sort_by=order&amp;order_by=asc&amp;current_url=%2Fen%2Fwp-json%2Fwp%2Fv2%2Fpages%2F680\"         id=\"bwg_thumbnails_0\"         class=\"bwg-container-0 bwg-thumbnails bwg-standard-thumbnails bwg-container bwg-border-box\">            <div class=\"bwg-item\">        <a class=\"bwg-a  bwg_lightbox\"  data-image-id=\"570\" href=\"https:\/\/www.maxrounds.com\/wp-content\/uploads\/photo-gallery\/maxrounds-swm_title_0_(3).jpg?bwg=1612446001\" data-elementor-open-lightbox=\"no\">                <div class=\"bwg-item0  lazy_loader\">          <div class=\"bwg-item1 bwg-zoom-effect\">            <div class=\"bwg-item2\">              <img decoding=\"async\" class=\"skip-lazy bwg_standart_thumb_img_0  bwg_lazyload\"                   data-id=\"570\"                   data-width=\"368\"                   data-height=\"500\"                   data-src=\"https:\/\/www.maxrounds.com\/wp-content\/uploads\/photo-gallery\/thumb\/maxrounds-swm_title_0_(3).jpg?bwg=1612446001\"                   src=\"https:\/\/www.maxrounds.com\/wp-content\/plugins\/photo-gallery\/images\/lazy_placeholder.gif\"                   alt=\"Maxrounds - media - Trommelmagazin str.1\"                   title=\"Maxrounds - media - Trommelmagazin str.1\" \/>            <\/div>            <div class=\"bwg-zoom-effect-overlay\">              <div class=\"bwg-title1\"><div class=\"bwg-title2\">Maxrounds &#8211; media &#8211; Trommelmagazin str.1<\/div><\/div>                                        <\/div>          <\/div>        <\/div>                        <\/a>              <\/div>            <div class=\"bwg-item\">        <a class=\"bwg-a  bwg_lightbox\"  data-image-id=\"567\" href=\"https:\/\/www.maxrounds.com\/wp-content\/uploads\/photo-gallery\/maxrounds-visier_title_(2).jpg?bwg=1612446001\" data-elementor-open-lightbox=\"no\">                <div class=\"bwg-item0  lazy_loader\">          <div class=\"bwg-item1 bwg-zoom-effect\">            <div class=\"bwg-item2\">              <img decoding=\"async\" class=\"skip-lazy bwg_standart_thumb_img_0  bwg_lazyload\"                   data-id=\"567\"                   data-width=\"376\"                   data-height=\"500\"                   data-src=\"https:\/\/www.maxrounds.com\/wp-content\/uploads\/photo-gallery\/thumb\/maxrounds-visier_title_(2).jpg?bwg=1612446001\"                   src=\"https:\/\/www.maxrounds.com\/wp-content\/plugins\/photo-gallery\/images\/lazy_placeholder.gif\"                   alt=\"Maxrounds - media - Trommelmagazin str.2\"                   title=\"Maxrounds - media - Trommelmagazin str.2\" \/>            <\/div>            <div class=\"bwg-zoom-effect-overlay\">              <div class=\"bwg-title1\"><div class=\"bwg-title2\">Maxrounds &#8211; media &#8211; Trommelmagazin str.2<\/div><\/div>                                        <\/div>          <\/div>        <\/div>                        <\/a>              <\/div>            <div class=\"bwg-item\">        <a class=\"bwg-a  bwg_lightbox\"  data-image-id=\"569\" href=\"https:\/\/www.maxrounds.com\/wp-content\/uploads\/photo-gallery\/maxrounds-visier_1_page_1_e_(2).jpg?bwg=1612446001\" data-elementor-open-lightbox=\"no\">                <div class=\"bwg-item0  lazy_loader\">          <div class=\"bwg-item1 bwg-zoom-effect\">            <div class=\"bwg-item2\">              <img decoding=\"async\" class=\"skip-lazy bwg_standart_thumb_img_0  bwg_lazyload\"                   data-id=\"569\"                   data-width=\"500\"                   data-height=\"338\"                   data-src=\"https:\/\/www.maxrounds.com\/wp-content\/uploads\/photo-gallery\/thumb\/maxrounds-visier_1_page_1_e_(2).jpg?bwg=1612446001\"                   src=\"https:\/\/www.maxrounds.com\/wp-content\/plugins\/photo-gallery\/images\/lazy_placeholder.gif\"                   alt=\"Maxrounds - media - Trommelmagazin str.3\"                   title=\"Maxrounds - media - Trommelmagazin str.3\" \/>            <\/div>            <div class=\"bwg-zoom-effect-overlay\">              <div class=\"bwg-title1\"><div class=\"bwg-title2\">Maxrounds &#8211; media &#8211; Trommelmagazin str.3<\/div><\/div>                                        <\/div>          <\/div>        <\/div>                        <\/a>              <\/div>            <div class=\"bwg-item\">        <a class=\"bwg-a  bwg_lightbox\"  data-image-id=\"568\" href=\"https:\/\/www.maxrounds.com\/wp-content\/uploads\/photo-gallery\/maxrounds-visier_1_page_2_e_(2).jpg?bwg=1612446001\" data-elementor-open-lightbox=\"no\">                <div class=\"bwg-item0  lazy_loader\">          <div class=\"bwg-item1 bwg-zoom-effect\">            <div class=\"bwg-item2\">              <img decoding=\"async\" class=\"skip-lazy bwg_standart_thumb_img_0  bwg_lazyload\"                   data-id=\"568\"                   data-width=\"386\"                   data-height=\"500\"                   data-src=\"https:\/\/www.maxrounds.com\/wp-content\/uploads\/photo-gallery\/thumb\/maxrounds-visier_1_page_2_e_(2).jpg?bwg=1612446001\"                   src=\"https:\/\/www.maxrounds.com\/wp-content\/plugins\/photo-gallery\/images\/lazy_placeholder.gif\"                   alt=\"Maxrounds - media - Trommelmagazin str.4\"                   title=\"Maxrounds - media - Trommelmagazin str.4\" \/>            <\/div>            <div class=\"bwg-zoom-effect-overlay\">              <div class=\"bwg-title1\"><div class=\"bwg-title2\">Maxrounds &#8211; media &#8211; Trommelmagazin str.4<\/div><\/div>                                        <\/div>          <\/div>        <\/div>                        <\/a>              <\/div>          <\/div>    <style>      \/*pagination styles*\/      #bwg_container1_0 #bwg_container2_0 .tablenav-pages_0 {\t\t\t\ttext-align: center;\t\t\t\tfont-size: 12px;\t\t\t\tfont-family: Ubuntu;\t\t\t\tfont-weight: bold;\t\t\t\tcolor: #666666;\t\t\t\tmargin: 6px 0 4px;\t\t\t\tdisplay: block;      }      @media only screen and (max-width : 320px) {      #bwg_container1_0 #bwg_container2_0 .displaying-num_0 {     \t display: none;      }      }      #bwg_container1_0 #bwg_container2_0 .displaying-num_0 {\t\t\t\tfont-size: 12px;\t\t\t\tfont-family: Ubuntu;\t\t\t\tfont-weight: bold;\t\t\t\tcolor: #666666;\t\t\t\tmargin-right: 10px;\t\t\t\tvertical-align: middle;      }      #bwg_container1_0 #bwg_container2_0 .paging-input_0 {\t\t\t\tfont-size: 12px;\t\t\t\tfont-family: Ubuntu;\t\t\t\tfont-weight: bold;\t\t\t\tcolor: #666666;\t\t\t\tvertical-align: middle;      }      #bwg_container1_0 #bwg_container2_0 .tablenav-pages_0 a.disabled,      #bwg_container1_0 #bwg_container2_0 .tablenav-pages_0 a.disabled:hover,      #bwg_container1_0 #bwg_container2_0 .tablenav-pages_0 a.disabled:focus,\t\t\t#bwg_container1_0 #bwg_container2_0 .tablenav-pages_0 input.bwg_current_page {\t\t\t\tcursor: default;\t\t\t\tcolor: rgba(102, 102, 102, 0.5);      }      #bwg_container1_0 #bwg_container2_0 .tablenav-pages_0 a,      #bwg_container1_0 #bwg_container2_0 .tablenav-pages_0 input.bwg_current_page {\t\t\t\tcursor: pointer;\t\t\t\ttext-align: center;\t\t\t\tfont-size: 12px;\t\t\t\tfont-family: Ubuntu;\t\t\t\tfont-weight: bold;\t\t\t\tcolor: #666666;\t\t\t\ttext-decoration: none;\t\t\t\tpadding: 3px 6px;\t\t\t\tmargin: 0;\t\t\t\tborder-radius: 0;\t\t\t\tborder-style: solid;\t\t\t\tborder-width: 1px;\t\t\t\tborder-color: #E3E3E3;\t\t\t\t\t\t\t\tbackground-color: rgba(255, 255, 255, 1.00);\t\t\t\tbox-shadow: 0;\t\t\t\ttransition: all 0.3s ease 0s;-webkit-transition: all 0.3s ease 0s;      }      <\/style>      <span class=\"bwg_nav_cont_0\">              <div class=\"tablenav-pages_0\">                  <\/div>                <input type=\"hidden\" id=\"page_number_0\" name=\"page_number_0\" value=\"1\" \/>      <script type=\"text\/javascript\">        if( jQuery('.bwg_nav_cont_0').length > 1 ) {          jQuery('.bwg_nav_cont_0').first().remove()        }        function spider_page_0(cur, x, y, load_more) {          if (typeof load_more == \"undefined\") {            var load_more = false;          }          if (jQuery(cur).hasClass('disabled')) {            return false;          }          var items_county_0 = 1;          switch (y) {            case 1:              if (x >= items_county_0) {                document.getElementById('page_number_0').value = items_county_0;              }              else {                document.getElementById('page_number_0').value = x + 1;              }              break;            case 2:              document.getElementById('page_number_0').value = items_county_0;              break;            case -1:              if (x == 1) {                document.getElementById('page_number_0').value = 1;              }              else {                document.getElementById('page_number_0').value = x - 1;              }              break;            case -2:              document.getElementById('page_number_0').value = 1;              break;\t\t\t\t\t\tcase 0:              document.getElementById('page_number_0').value = x;              break;            default:              document.getElementById('page_number_0').value = 1;          }          bwg_ajax('gal_front_form_0', '0', 'bwg_thumbnails_0', '0', '', 'gallery', 0, '', '', load_more, '', 1);        }                    jQuery('.first-page-0').on('click', function () {              spider_page_0(this, 1, -2, 'numeric');              return false;            });            jQuery('.prev-page-0').on('click', function () {              spider_page_0(this, 1, -1, 'numeric');              return false;            });            jQuery('.next-page-0').on('click', function () {              spider_page_0(this, 1, 1, 'numeric');              return false;            });            jQuery('.last-page-0').on('click', function () {              spider_page_0(this, 1, 2, 'numeric');              return false;            });        \t\t\t\t\/* Change page on input enter. *\/        function bwg_change_page_0( e, that ) {          if (  e.key == 'Enter' ) {            var to_page = parseInt(jQuery(that).val());            var pages_count = jQuery(that).parents(\".pagination-links\").data(\"pages-count\");            var current_url_param = jQuery(that).attr('data-url-info');            if (to_page > pages_count) {              to_page = 1;            }\t \t\t\t\t\t\t\t\t\t\t\t\tspider_page_0(this, to_page, 0, 'numeric');\t\t\t\t\t\t\treturn false;\t\t\t\t\t\t          }          return true;        }        jQuery('.bwg_load_btn_0').on('click', function () {            spider_page_0(this, 1, 1, true);            return false;        });      <\/script>      <\/span>                <\/div>        <input type=\"hidden\" name=\"trp-form-language\" value=\"en\"\/><\/form>        <style>          #bwg_container1_0 #bwg_container2_0 #spider_popup_overlay_0 {          background-color: #EEEEEE;          opacity: 0.60;          }          <\/style>        <div id=\"bwg_spider_popup_loading_0\" class=\"bwg_spider_popup_loading\"><\/div>        <div id=\"spider_popup_overlay_0\" class=\"spider_popup_overlay\" onclick=\"spider_destroypopup(1000)\"><\/div>        <input type=\"hidden\" id=\"bwg_random_seed_0\" value=\"1262721609\">                <\/div>    <\/div>    <script>      if (document.readyState === 'complete') {        if( typeof bwg_main_ready == 'function' ) {          if ( jQuery(\"#bwg_container1_0\").height() ) {            bwg_main_ready(jQuery(\"#bwg_container1_0\"));          }        }      } else {        document.addEventListener('DOMContentLoaded', function() {          if( typeof bwg_main_ready == 'function' ) {            if ( jQuery(\"#bwg_container1_0\").height() ) {             bwg_main_ready(jQuery(\"#bwg_container1_0\"));            }          }        });      }    <\/script>    <\/p>\t\t\t\t\t\t\t\t<\/div>\n\t\t\t\t<\/div>\n\t\t\t\t\t<\/div>\n\t\t<\/div>\n\t\t\t\t\t<\/div>\n\t\t<\/section>\n\t\t\t\t<\/div>","protected":false},"excerpt":{"rendered":"<p>Kampfwertsteigerung f\u00fcr Spezialeinheiten oder n\u00fctzliches Zubeh\u00f6r f\u00fcr IPSC-Sch\u00fctzen? Wohl beides, denn mit 20 Patronen geladen, macht die halbautomatische Saiga 12 bez\u00fcglich Feuerst\u00e4rke einen gewaltigen Sprung nach vorn. Per Umbaukit funktioniert das Trommelmagazin auch auf der Molot Vepr 12. Text: L\u00e1szl\u00f3 TolvajFotos: Hans Mosimann,L\u00e1szl\u00f3 Tolvaj Technische Daten: Bezeichnung: PowerMag 700 Art: Trommelmagazin mit Federwerkantrieb Kompatibel: Saiga [&hellip;]<\/p>\n","protected":false},"author":2,"featured_media":0,"parent":0,"menu_order":0,"comment_status":"closed","ping_status":"closed","template":"","meta":{"footnotes":""},"class_list":["post-680","page","type-page","status-publish","hentry"],"_links":{"self":[{"href":"https:\/\/www.maxrounds.com\/en\/wp-json\/wp\/v2\/pages\/680","targetHints":{"allow":["GET"]}}],"collection":[{"href":"https:\/\/www.maxrounds.com\/en\/wp-json\/wp\/v2\/pages"}],"about":[{"href":"https:\/\/www.maxrounds.com\/en\/wp-json\/wp\/v2\/types\/page"}],"author":[{"embeddable":true,"href":"https:\/\/www.maxrounds.com\/en\/wp-json\/wp\/v2\/users\/2"}],"replies":[{"embeddable":true,"href":"https:\/\/www.maxrounds.com\/en\/wp-json\/wp\/v2\/comments?post=680"}],"version-history":[{"count":10,"href":"https:\/\/www.maxrounds.com\/en\/wp-json\/wp\/v2\/pages\/680\/revisions"}],"predecessor-version":[{"id":884,"href":"https:\/\/www.maxrounds.com\/en\/wp-json\/wp\/v2\/pages\/680\/revisions\/884"}],"wp:attachment":[{"href":"https:\/\/www.maxrounds.com\/en\/wp-json\/wp\/v2\/media?parent=680"}],"curies":[{"name":"wp","href":"https:\/\/api.w.org\/{rel}","templated":true}]}}