{"id":566,"date":"2021-01-29T12:16:38","date_gmt":"2021-01-29T11:16:38","guid":{"rendered":"https:\/\/www.maxrounds.com\/?page_id=566"},"modified":"2021-01-29T12:17:12","modified_gmt":"2021-01-29T11:17:12","slug":"profil-jiri-jedlicka","status":"publish","type":"page","link":"https:\/\/www.maxrounds.com\/en\/profil-jiri-jedlicka\/","title":{"rendered":"Profil &#8211; Ji\u0159\u00ed Jedli\u010dka"},"content":{"rendered":"<div data-elementor-type=\"wp-page\" data-elementor-id=\"566\" class=\"elementor elementor-566\">\n\t\t\t\t\t\t<section class=\"elementor-section elementor-top-section elementor-element elementor-element-3661294 elementor-section-boxed elementor-section-height-default elementor-section-height-default\" data-id=\"3661294\" data-element_type=\"section\" data-e-type=\"section\">\n\t\t\t\t\t\t<div class=\"elementor-container elementor-column-gap-default\">\n\t\t\t\t\t<div class=\"elementor-column elementor-col-100 elementor-top-column elementor-element elementor-element-6177d80\" data-id=\"6177d80\" data-element_type=\"column\" data-e-type=\"column\">\n\t\t\t<div class=\"elementor-widget-wrap elementor-element-populated\">\n\t\t\t\t\t\t<div class=\"elementor-element elementor-element-86cc33a elementor-widget elementor-widget-text-editor\" data-id=\"86cc33a\" data-element_type=\"widget\" data-e-type=\"widget\" data-widget_type=\"text-editor.default\">\n\t\t\t\t<div class=\"elementor-widget-container\">\n\t\t\t\t\t\t\t\t\t<table class=\"profilky mceItemTable\" border=\"0\" cellspacing=\"0\" cellpadding=\"0\"><tbody><tr><th class=\"mceSelected\" width=\"35\" height=\"12\">YEAR<\/th><th class=\"mceSelected\" width=\"296\">MATCH<\/th><th class=\"mceSelected\" width=\"89\">COUNTRY<\/th><th class=\"mceSelected\" width=\"33\">LEVEL<\/th><th class=\"mceSelected\" width=\"144\">DIVISION<\/th><th class=\"mceSelected\" width=\"37\">PLACE<\/th><\/tr><tr><td class=\"mceSelected\" style=\"text-align: right;\" height=\"12\">2019<\/td><td class=\"mceSelected\">2nd Czech Superleague 2019<\/td><td class=\"mceSelected\">Czech Republic<\/td><td class=\"mceSelected\">III.<\/td><td class=\"mceSelected\">Classic<\/td><td class=\"mceSelected\">3.<\/td><\/tr><tr><td class=\"mceSelected\" style=\"text-align: right;\" height=\"12\">\u00a0<\/td><td class=\"mceSelected\">Czech National Championship Tournament 2019 Rifle &#8211; nationals<\/td><td class=\"mceSelected\">Czech Republic<\/td><td class=\"mceSelected\">III.<\/td><td class=\"mceSelected\">Semiauto Standard<\/td><td class=\"mceSelected\">2.<\/td><\/tr><tr><td class=\"mceSelected\" style=\"text-align: right;\" height=\"12\">\u00a0<\/td><td class=\"mceSelected\">10th Bathory Cup 2019<\/td><td class=\"mceSelected\">Slovakia<\/td><td class=\"mceSelected\">III.<\/td><td class=\"mceSelected\">Classic<\/td><td class=\"mceSelected\">2.<\/td><\/tr><tr><td class=\"mceSelected\" style=\"text-align: right;\" height=\"12\">\u00a0<\/td><td class=\"mceSelected\">\u00a0<\/td><td class=\"mceSelected\">\u00a0<\/td><td class=\"mceSelected\">\u00a0<\/td><td class=\"mceSelected\">\u00a0<\/td><td class=\"mceSelected\">\u00a0<\/td><\/tr><tr><td class=\"mceSelected\" style=\"text-align: right;\" height=\"12\">2018<\/td><td class=\"mceSelected\">Czech National Championship Tournament 2018 Rifle<\/td><td class=\"mceSelected\">Czech Republic<\/td><td class=\"mceSelected\">III.<\/td><td class=\"mceSelected\">Semiauto Standard<\/td><td class=\"mceSelected\">2.<\/td><\/tr><tr><td class=\"mceSelected\" style=\"text-align: right;\" height=\"12\">\u00a0<\/td><td class=\"mceSelected\">\u00a0<\/td><td class=\"mceSelected\">\u00a0<\/td><td class=\"mceSelected\">\u00a0<\/td><td class=\"mceSelected\">\u00a0<\/td><td class=\"mceSelected\">\u00a0<\/td><\/tr><tr><td class=\"mceSelected\" style=\"text-align: right;\" height=\"12\">2017<\/td><td class=\"mceSelected\">Czech National Championship Tournament 2017 Handgun<\/td><td class=\"mceSelected\">Czech Republic<\/td><td class=\"mceSelected\">III.<\/td><td class=\"mceSelected\">Classic<\/td><td class=\"mceSelected\">3.<\/td><\/tr><tr><td class=\"mceSelected\" style=\"text-align: right;\" height=\"12\">\u00a0<\/td><td class=\"mceSelected\">ALSA PRO Czechoslovakia Open 2017<\/td><td class=\"mceSelected\">Slovakia<\/td><td class=\"mceSelected\">III.<\/td><td class=\"mceSelected\">Classic<\/td><td class=\"mceSelected\">2.<\/td><\/tr><tr><td class=\"mceSelected\" style=\"text-align: right;\" height=\"12\">\u00a0<\/td><td class=\"mceSelected\">Mosquito Summer 2017<\/td><td class=\"mceSelected\">Slovakia<\/td><td class=\"mceSelected\">III.<\/td><td class=\"mceSelected\">Revolver<\/td><td class=\"mceSelected\">1.<\/td><\/tr><tr><td class=\"mceSelected\" style=\"text-align: right;\" height=\"12\">\u00a0<\/td><td class=\"mceSelected\">Bathory Cup 2017<\/td><td class=\"mceSelected\">Slovakia<\/td><td class=\"mceSelected\">III.<\/td><td class=\"mceSelected\">Revolver<\/td><td class=\"mceSelected\">3.<\/td><\/tr><tr><td class=\"mceSelected\" style=\"text-align: right;\" height=\"12\">\u00a0<\/td><td class=\"mceSelected\">\u00a0<\/td><td class=\"mceSelected\">\u00a0<\/td><td class=\"mceSelected\">\u00a0<\/td><td class=\"mceSelected\">\u00a0<\/td><td class=\"mceSelected\">\u00a0<\/td><\/tr><tr><td class=\"mceSelected\" style=\"text-align: right;\" height=\"12\">2016<\/td><td class=\"mceSelected\">European Handgun Championship 2016<\/td><td class=\"mceSelected\">Hungary<\/td><td class=\"mceSelected\">IV.<\/td><td class=\"mceSelected\">Revolver<\/td><td class=\"mceSelected\">5.<\/td><\/tr><tr><td class=\"mceSelected\" style=\"text-align: right;\" height=\"12\">\u00a0<\/td><td class=\"mceSelected\">Czech National Championship Tournament 2012 Handgun<\/td><td class=\"mceSelected\">Czech Republic<\/td><td class=\"mceSelected\">III.<\/td><td class=\"mceSelected\">Revolver<\/td><td class=\"mceSelected\">2.<\/td><\/tr><tr><td class=\"mceSelected\" style=\"text-align: right;\" height=\"12\">\u00a0<\/td><td class=\"mceSelected\">8th Extreme Euro Open 2016<\/td><td class=\"mceSelected\">Czech Republic<\/td><td class=\"mceSelected\">III.<\/td><td class=\"mceSelected\">Revolver<\/td><td class=\"mceSelected\">3.<\/td><\/tr><tr><td class=\"mceSelected\" style=\"text-align: right;\" height=\"12\">\u00a0<\/td><td class=\"mceSelected\">5. RDA Euro Challenge 2016<\/td><td class=\"mceSelected\">Slovakia<\/td><td class=\"mceSelected\">III.<\/td><td class=\"mceSelected\">Revolver<\/td><td class=\"mceSelected\">2.<\/td><\/tr><tr><td class=\"mceSelected\" style=\"text-align: right;\" height=\"12\">\u00a0<\/td><td class=\"mceSelected\">\u00a0<\/td><td class=\"mceSelected\">\u00a0<\/td><td class=\"mceSelected\">\u00a0<\/td><td class=\"mceSelected\">\u00a0<\/td><td class=\"mceSelected\">\u00a0<\/td><\/tr><tr><td class=\"mceSelected\" style=\"text-align: right;\" height=\"12\">2013<\/td><td class=\"mceSelected\">Czech National Championship Tournament 2012 Handgun<\/td><td class=\"mceSelected\">Czech Republic<\/td><td class=\"mceSelected\">III.<\/td><td class=\"mceSelected\">Revolver<\/td><td class=\"mceSelected\">2.<\/td><\/tr><tr><td class=\"mceSelected\" style=\"text-align: right;\" height=\"12\">\u00a0<\/td><td class=\"mceSelected\">\u00a0<\/td><td class=\"mceSelected\">\u00a0<\/td><td class=\"mceSelected\">\u00a0<\/td><td class=\"mceSelected\">\u00a0<\/td><td class=\"mceSelected\">\u00a0<\/td><\/tr><tr><td class=\"mceSelected\" style=\"text-align: right;\" height=\"12\">2012<\/td><td class=\"mceSelected\">Czech National Championship Tournament 2012 Handgun<\/td><td class=\"mceSelected\">Czech Republic<\/td><td class=\"mceSelected\">III.<\/td><td class=\"mceSelected\">Classic<\/td><td class=\"mceSelected\">1.<\/td><\/tr><tr><td class=\"mceSelected\" style=\"text-align: right;\" height=\"12\">\u00a0<\/td><td class=\"mceSelected\">\u00a0<\/td><td class=\"mceSelected\">\u00a0<\/td><td class=\"mceSelected\">\u00a0<\/td><td class=\"mceSelected\">\u00a0<\/td><td class=\"mceSelected\">\u00a0<\/td><\/tr><tr><td class=\"mceSelected\" style=\"text-align: right;\" height=\"12\">2009<\/td><td class=\"mceSelected\">European Shotgun Championship MAXROUNDS TEAM<\/td><td class=\"mceSelected\">Czech Republic<\/td><td class=\"mceSelected\">IV.<\/td><td class=\"mceSelected\">Semiauto OPEN MOLOT VEPR 12<\/td><td class=\"mceSelected\">1.<\/td><\/tr><tr><td class=\"mceSelected\" height=\"12\">\u00a0<\/td><td class=\"mceSelected\">CZ Extreme Euro Open 2009<\/td><td class=\"mceSelected\">Czech Republic<\/td><td class=\"mceSelected\">III.<\/td><td class=\"mceSelected\">Revolver<\/td><td class=\"mceSelected\">2.<\/td><\/tr><tr><td class=\"mceSelected\" height=\"12\">\u00a0<\/td><td class=\"mceSelected\">European Rifle Championship<\/td><td class=\"mceSelected\">Norway<\/td><td class=\"mceSelected\">III.<\/td><td class=\"mceSelected\">Semiauto Team Standard<\/td><td class=\"mceSelected\">3.<\/td><\/tr><tr><td class=\"mceSelected\" height=\"12\">\u00a0<\/td><td class=\"mceSelected\">\u00a0<\/td><td class=\"mceSelected\">\u00a0<\/td><td class=\"mceSelected\">\u00a0<\/td><td class=\"mceSelected\">\u00a0<\/td><td class=\"mceSelected\">\u00a0<\/td><\/tr><tr><td class=\"mceSelected\" align=\"right\" height=\"12\">2008<\/td><td class=\"mceSelected\">Extreme Euro Open 2008<\/td><td class=\"mceSelected\">Czech Republic<\/td><td class=\"mceSelected\">III.<\/td><td class=\"mceSelected\">Revolver<\/td><td class=\"mceSelected\">1.<\/td><\/tr><tr><td class=\"mceSelected\" height=\"12\">\u00a0<\/td><td class=\"mceSelected\">Czech National Championship Tournament 2008 Shotgun<\/td><td class=\"mceSelected\">Czech Republic<\/td><td class=\"mceSelected\">III.<\/td><td class=\"mceSelected\">Semiauto OPEN MOLOT VEPR 12<\/td><td class=\"mceSelected\">3.<\/td><\/tr><tr><td class=\"mceSelected\" height=\"12\">\u00a0<\/td><td class=\"mceSelected\">Czech National Championship Tournament 2008 Handgun<\/td><td class=\"mceSelected\">Czech Republic<\/td><td class=\"mceSelected\">III.<\/td><td class=\"mceSelected\">Revolver<\/td><td class=\"mceSelected\">2.<\/td><\/tr><tr><td class=\"mceSelected\" height=\"12\">\u00a0<\/td><td class=\"mceSelected\">CZ Challenge<\/td><td class=\"mceSelected\">Czech Republic<\/td><td class=\"mceSelected\">III.<\/td><td class=\"mceSelected\">Revolver<\/td><td class=\"mceSelected\">2.<\/td><\/tr><tr><td class=\"mceSelected\" height=\"12\">\u00a0<\/td><td class=\"mceSelected\">Mosquito Match<\/td><td class=\"mceSelected\">Slovak Republic<\/td><td class=\"mceSelected\">III.<\/td><td class=\"mceSelected\">Revolver<\/td><td class=\"mceSelected\">1.<\/td><\/tr><tr><td class=\"mceSelected\" height=\"12\">\u00a0<\/td><td class=\"mceSelected\">\u00a0<\/td><td class=\"mceSelected\">\u00a0<\/td><td class=\"mceSelected\">\u00a0<\/td><td class=\"mceSelected\">\u00a0<\/td><td class=\"mceSelected\">\u00a0<\/td><\/tr><tr><td class=\"mceSelected\" align=\"right\" height=\"12\">2007<\/td><td class=\"mceSelected\">European Handgun Championship<\/td><td class=\"mceSelected\">France<\/td><td class=\"mceSelected\">IV.<\/td><td class=\"mceSelected\">Revolver<\/td><td class=\"mceSelected\">7.<\/td><\/tr><tr><td class=\"mceSelected\" height=\"12\">\u00a0<\/td><td class=\"mceSelected\">Czech National Championship Tournament 2007 Rifle<\/td><td class=\"mceSelected\">Czech Republic<\/td><td class=\"mceSelected\">III.<\/td><td class=\"mceSelected\">Semiauto Standard<\/td><td class=\"mceSelected\">4.<\/td><\/tr><tr><td class=\"mceSelected\" height=\"12\">\u00a0<\/td><td class=\"mceSelected\">Czech National Championship Tournament 2007 Rifle<\/td><td class=\"mceSelected\">Czech Republic<\/td><td class=\"mceSelected\">III.<\/td><td class=\"mceSelected\">Semiauto Standard<\/td><td class=\"mceSelected\">3.<\/td><\/tr><tr><td class=\"mceSelected\" height=\"12\">\u00a0<\/td><td class=\"mceSelected\">CZ Challenge<\/td><td class=\"mceSelected\">Czech Republic<\/td><td class=\"mceSelected\">III.<\/td><td class=\"mceSelected\">Revolver<\/td><td class=\"mceSelected\">1.<\/td><\/tr><tr><td class=\"mceSelected\" height=\"12\">\u00a0<\/td><td class=\"mceSelected\">Mosquito Match<\/td><td class=\"mceSelected\">Slovak Republic<\/td><td class=\"mceSelected\">III.<\/td><td class=\"mceSelected\">Revolver<\/td><td class=\"mceSelected\">1.<\/td><\/tr><tr><td class=\"mceSelected\" height=\"12\">\u00a0<\/td><td class=\"mceSelected\">\u00a0<\/td><td class=\"mceSelected\">\u00a0<\/td><td class=\"mceSelected\">\u00a0<\/td><td class=\"mceSelected\">\u00a0<\/td><td class=\"mceSelected\">\u00a0<\/td><\/tr><tr><td class=\"mceSelected\" align=\"right\" height=\"12\">2006<\/td><td class=\"mceSelected\">Czech National Championship Tournament 2006 Rifle<\/td><td class=\"mceSelected\">Czech Republic<\/td><td class=\"mceSelected\">III.<\/td><td class=\"mceSelected\">Semiauto OPEN<\/td><td class=\"mceSelected\">2.<\/td><\/tr><tr><td class=\"mceSelected\" height=\"12\">\u00a0<\/td><td class=\"mceSelected\">Mosquito Match<\/td><td class=\"mceSelected\">Slovak Republic<\/td><td class=\"mceSelected\">III.<\/td><td class=\"mceSelected\">Revolver<\/td><td class=\"mceSelected\">2.<\/td><\/tr><\/tbody><\/table>\t\t\t\t\t\t\t\t<\/div>\n\t\t\t\t<\/div>\n\t\t\t\t\t<\/div>\n\t\t<\/div>\n\t\t\t\t\t<\/div>\n\t\t<\/section>\n\t\t\t\t<\/div>","protected":false},"excerpt":{"rendered":"<p>YEAR MATCH COUNTRY LEVEL DIVISION PLACE 2019 2nd Czech Superleague 2019 Czech Republic III. Classic 3. \u00a0 Czech National Championship Tournament 2019 Rifle &#8211; nationals Czech Republic III. Semiauto Standard 2. \u00a0 10th Bathory Cup 2019 Slovakia III. Classic 2. \u00a0 \u00a0 \u00a0 \u00a0 \u00a0 \u00a0 2018 Czech National Championship Tournament 2018 Rifle Czech Republic [&hellip;]<\/p>\n","protected":false},"author":2,"featured_media":0,"parent":0,"menu_order":0,"comment_status":"closed","ping_status":"closed","template":"","meta":{"footnotes":""},"class_list":["post-566","page","type-page","status-publish","hentry"],"_links":{"self":[{"href":"https:\/\/www.maxrounds.com\/en\/wp-json\/wp\/v2\/pages\/566","targetHints":{"allow":["GET"]}}],"collection":[{"href":"https:\/\/www.maxrounds.com\/en\/wp-json\/wp\/v2\/pages"}],"about":[{"href":"https:\/\/www.maxrounds.com\/en\/wp-json\/wp\/v2\/types\/page"}],"author":[{"embeddable":true,"href":"https:\/\/www.maxrounds.com\/en\/wp-json\/wp\/v2\/users\/2"}],"replies":[{"embeddable":true,"href":"https:\/\/www.maxrounds.com\/en\/wp-json\/wp\/v2\/comments?post=566"}],"version-history":[{"count":4,"href":"https:\/\/www.maxrounds.com\/en\/wp-json\/wp\/v2\/pages\/566\/revisions"}],"predecessor-version":[{"id":570,"href":"https:\/\/www.maxrounds.com\/en\/wp-json\/wp\/v2\/pages\/566\/revisions\/570"}],"wp:attachment":[{"href":"https:\/\/www.maxrounds.com\/en\/wp-json\/wp\/v2\/media?parent=566"}],"curies":[{"name":"wp","href":"https:\/\/api.w.org\/{rel}","templated":true}]}}