{"id":512,"date":"2021-01-29T11:15:23","date_gmt":"2021-01-29T10:15:23","guid":{"rendered":"https:\/\/www.maxrounds.com\/?page_id=512"},"modified":"2021-01-29T11:19:30","modified_gmt":"2021-01-29T10:19:30","slug":"faq","status":"publish","type":"page","link":"https:\/\/www.maxrounds.com\/en\/faq\/","title":{"rendered":"FAQ"},"content":{"rendered":"<div <br \/>\n<b>Warning<\/b>:  Increment on type bool has no effect, this will change in the next major version of PHP in <b>\/home\/webhosting\/maxrounds.com\/html\/www.maxrounds.com\/wp-content\/plugins\/elementor\/includes\/base\/controls-stack.php<\/b> on line <b>741<\/b><br \/>\ndata-elementor-type=\"wp-page\" data-elementor-id=\"512\" class=\"elementor elementor-512\">\n\t\t\t\t\t\t<section class=\"elementor-section elementor-top-section elementor-element elementor-element-45e85a5 elementor-section-boxed elementor-section-height-default elementor-section-height-default\" data-id=\"45e85a5\" data-element_type=\"section\" data-e-type=\"section\">\n\t\t\t\t\t\t<div class=\"elementor-container elementor-column-gap-default\">\n\t\t\t\t\t<div class=\"elementor-column elementor-col-100 elementor-top-column elementor-element elementor-element-35f645a\" data-id=\"35f645a\" data-element_type=\"column\" data-e-type=\"column\">\n\t\t\t<div class=\"elementor-widget-wrap elementor-element-populated\">\n\t\t\t\t\t\t<div class=\"elementor-element elementor-element-5e21c25 elementor-widget elementor-widget-text-editor\" data-id=\"5e21c25\" data-element_type=\"widget\" data-e-type=\"widget\" data-widget_type=\"text-editor.default\">\n\t\t\t\t<div class=\"elementor-widget-container\">\n\t\t\t\t\t\t\t\t\t<ul style=\"margin-top: 0.5em; margin-bottom: 1em; margin-left: 0px; padding-left: 1.5em; list-style-image: url('images\/menu-leaf.gif'); color: #494949; font-family: sans-serif, Verdana; font-size: 12.16px;\"><li style=\"margin: 0.15em 0px 0.15em 0.5em; padding-bottom: 0.1em;\" class=\"translation-block\"><strong>What is the weight of full and empty magazine?<\/strong><br>\nEmpty magazine has a weight of 700 g\/ 1,54 lb. The weight of fully loaded magazine depends on the rounds used.<\/li><li style=\"margin: 0.15em 0px 0.15em 0.5em; padding-bottom: 0.1em;\"><strong>What is the capacity of PowerMag?<\/strong><br \/>20 rounds.<\/li><li style=\"margin: 0.15em 0px 0.15em 0.5em; padding-bottom: 0.1em;\"><strong>Is it possible to use 3\" rounds (e.g. Buckshot) with PowerMag?<\/strong><br \/>Yes, PowerMag supports 3\" rounds.<\/li><li style=\"margin: 0.15em 0px 0.15em 0.5em; padding-bottom: 0.1em;\"><strong>What materials is PowerMag built of?<\/strong><br \/>PowerMag is built of high-end hardened dural, the inner parts are made of stainless steel.<\/li><li style=\"margin: 0.15em 0px 0.15em 0.5em; padding-bottom: 0.1em;\"><strong>What way is used to manufacture PowerMag?<\/strong><br \/>PowerMag is manufactured on high class CNC machines in a company, which has many years experience in aircraft and automobile industry.<\/li><li style=\"margin: 0.15em 0px 0.15em 0.5em; padding-bottom: 0.1em;\"><strong>Is it possible to use PowerMag with Saiga 12 shotgun?<\/strong><br \/>Yes, PowerMag can be used with any factory made or modified Saiga 12.<\/li><li style=\"margin: 0.15em 0px 0.15em 0.5em; padding-bottom: 0.1em;\"><strong>Is it possible to attach PowerMag to my belt?<\/strong><br \/>Yes, every package contains a clip to attach PowerMag to your belt.<\/li><li style=\"margin: 0.15em 0px 0.15em 0.5em; padding-bottom: 0.1em;\"><strong>How long does it take to deliver PowerMag to my country after I made an order?<\/strong><br \/>Our great advantage is, that we have sufficient number of magazines in stock. Orders are executed within 2 working days, the date of delivery depends on the selected type of shipping.<\/li><li style=\"margin: 0.15em 0px 0.15em 0.5em; padding-bottom: 0.1em;\"><strong>Is it possible to ship PowerMag also to USA?<\/strong><br \/>Yes, PowerMag can be delivered in all countries worldwide.<\/li><li style=\"margin: 0.15em 0px 0.15em 0.5em; padding-bottom: 0.1em;\"><strong>What are the possible ways of shipping?<\/strong><br \/>Type of shipping depends on customers choice. You can get PowerMag within 3 days, when choosing EXPRESS shipping, it takes 7 days with STANDARD shipping, or 14 working days with  ECONOMY shipping.<\/li><li style=\"margin: 0.15em 0px 0.15em 0.5em; padding-bottom: 0.1em;\"><strong>Is PowerMag fast enough? It will get stuck when shooting doubletap, wont'it?s<\/strong><br \/>No, it will definitely not get stuck. PowerMag serves faster than the cadency of the weapon is.. You're not that fast :o).<\/li><li style=\"margin: 0.15em 0px 0.15em 0.5em; padding-bottom: 0.1em;\"><strong>What does Maxrounds think about various restrictions?<\/strong><br \/>The same as\u00a0<a style=\"color: #027ac6; text-decoration-line: none;\" href=\"\/wp-content\/uploads\/2021\/01\/bastiat-petice.pdf\"><span style=\"text-decoration-line: underline;\">Mr. Bastiat<\/span><\/a><\/li><li style=\"margin: 0.15em 0px 0.15em 0.5em; padding-bottom: 0.1em;\"><strong>What type of ummunition you can use for PowerMag?<\/strong><br \/>You can use any type of ammunition, which does not exceed lenght of 65mm and is not shorter than 58mm, in packaged form.<\/li><\/ul><ul style=\"margin-top: 0.5em; margin-bottom: 1em; margin-left: 0px; padding-left: 1.5em; list-style-image: url('images\/menu-leaf.gif'); color: #494949; font-family: sans-serif, Verdana; font-size: 12.16px;\"><li style=\"margin: 0.15em 0px 0.15em 0.5em; padding-bottom: 0.1em;\"><strong>What is the optimum load?<\/strong><br \/>The optimum load is around 32-36g, some saigas work also with 24g, but i tis not matter of a mag, but i tis about the gun.<\/li><\/ul>\t\t\t\t\t\t\t\t<\/div>\n\t\t\t\t<\/div>\n\t\t\t\t\t<\/div>\n\t\t<\/div>\n\t\t\t\t\t<\/div>\n\t\t<\/section>\n\t\t\t\t<\/div>","protected":false},"excerpt":{"rendered":"<p>Jak\u00e1 je v\u00e1ha pln\u00e9ho a pr\u00e1zdn\u00e9ho z\u00e1sobn\u00edku?Pr\u00e1zdn\u00fd PowerMag v\u00e1\u017e\u00ed 700 g\/ 1,54 lb. V\u00e1ha pln\u00e9ho PowerMagu z\u00e1vis\u00ed na druhu pou\u017eit\u00e9ho st\u0159eliva. Jak\u00e1 je kapacita PowerMagu?20 n\u00e1boj\u016f. Je mo\u017en\u00e9 pou\u017e\u00edt do PowerMagu 3\u201d n\u00e1boje, nap\u0159. Buckshot?Ano, i pro tento typ je z\u00e1sobn\u00edk konstruov\u00e1n. Z jak\u00e9ho materi\u00e1lu je PowerMag vyroben?Z\u00e1sobn\u00edk je vyroben z leteck\u00e9ho duralu, jeho vnit\u0159n\u00ed [&hellip;]<\/p>\n","protected":false},"author":2,"featured_media":0,"parent":0,"menu_order":0,"comment_status":"closed","ping_status":"closed","template":"","meta":{"footnotes":""},"class_list":["post-512","page","type-page","status-publish","hentry"],"_links":{"self":[{"href":"https:\/\/www.maxrounds.com\/en\/wp-json\/wp\/v2\/pages\/512","targetHints":{"allow":["GET"]}}],"collection":[{"href":"https:\/\/www.maxrounds.com\/en\/wp-json\/wp\/v2\/pages"}],"about":[{"href":"https:\/\/www.maxrounds.com\/en\/wp-json\/wp\/v2\/types\/page"}],"author":[{"embeddable":true,"href":"https:\/\/www.maxrounds.com\/en\/wp-json\/wp\/v2\/users\/2"}],"replies":[{"embeddable":true,"href":"https:\/\/www.maxrounds.com\/en\/wp-json\/wp\/v2\/comments?post=512"}],"version-history":[{"count":8,"href":"https:\/\/www.maxrounds.com\/en\/wp-json\/wp\/v2\/pages\/512\/revisions"}],"predecessor-version":[{"id":522,"href":"https:\/\/www.maxrounds.com\/en\/wp-json\/wp\/v2\/pages\/512\/revisions\/522"}],"wp:attachment":[{"href":"https:\/\/www.maxrounds.com\/en\/wp-json\/wp\/v2\/media?parent=512"}],"curies":[{"name":"wp","href":"https:\/\/api.w.org\/{rel}","templated":true}]}}