{"id":499,"date":"2021-01-28T12:29:36","date_gmt":"2021-01-28T11:29:36","guid":{"rendered":"https:\/\/www.maxrounds.com\/?page_id=499"},"modified":"2021-02-03T16:54:24","modified_gmt":"2021-02-03T15:54:24","slug":"tym-akce","status":"publish","type":"page","link":"https:\/\/www.maxrounds.com\/en\/tym-akce\/","title":{"rendered":"Contacts"},"content":{"rendered":"<div <br \/>\n<b>Warning<\/b>:  Increment on type bool has no effect, this will change in the next major version of PHP in <b>\/home\/webhosting\/maxrounds.com\/html\/www.maxrounds.com\/wp-content\/plugins\/elementor\/includes\/base\/controls-stack.php<\/b> on line <b>741<\/b><br \/>\ndata-elementor-type=\"wp-page\" data-elementor-id=\"499\" class=\"elementor elementor-499\">\n\t\t\t\t\t\t<section class=\"elementor-section elementor-top-section elementor-element elementor-element-471832ec elementor-section-boxed elementor-section-height-default elementor-section-height-default\" data-id=\"471832ec\" data-element_type=\"section\" data-e-type=\"section\">\n\t\t\t\t\t\t<div class=\"elementor-container elementor-column-gap-default\">\n\t\t\t\t\t<div class=\"elementor-column elementor-col-100 elementor-top-column elementor-element elementor-element-3d4f2575\" data-id=\"3d4f2575\" data-element_type=\"column\" data-e-type=\"column\">\n\t\t\t<div class=\"elementor-widget-wrap elementor-element-populated\">\n\t\t\t\t\t\t<section class=\"elementor-section elementor-inner-section elementor-element elementor-element-f5e9c20 elementor-section-boxed elementor-section-height-default elementor-section-height-default\" data-id=\"f5e9c20\" data-element_type=\"section\" data-e-type=\"section\">\n\t\t\t\t\t\t<div class=\"elementor-container elementor-column-gap-default\">\n\t\t\t\t\t<div class=\"elementor-column elementor-col-50 elementor-inner-column elementor-element elementor-element-e761a3c\" data-id=\"e761a3c\" data-element_type=\"column\" data-e-type=\"column\">\n\t\t\t<div class=\"elementor-widget-wrap elementor-element-populated\">\n\t\t\t\t\t\t<div class=\"elementor-element elementor-element-a390e16 elementor-widget elementor-widget-text-editor\" data-id=\"a390e16\" data-element_type=\"widget\" data-e-type=\"widget\" data-widget_type=\"text-editor.default\">\n\t\t\t\t<div class=\"elementor-widget-container\">\n\t\t\t\t\t\t\t\t\t<p><strong>MAXROUNDS<\/strong><br \/>customer &amp; technical support<br \/><strong>Milo\u0161 Synek<br \/><\/strong>+ 420 608 371 107<br \/><a href=\"mailto:info@maxrounds.com\">info@maxrounds.com<\/a><\/p>\t\t\t\t\t\t\t\t<\/div>\n\t\t\t\t<\/div>\n\t\t\t\t\t<\/div>\n\t\t<\/div>\n\t\t\t\t<div class=\"elementor-column elementor-col-50 elementor-inner-column elementor-element elementor-element-f15d0f3\" data-id=\"f15d0f3\" data-element_type=\"column\" data-e-type=\"column\">\n\t\t\t<div class=\"elementor-widget-wrap elementor-element-populated\">\n\t\t\t\t\t\t<div class=\"elementor-element elementor-element-aa8929d elementor-widget elementor-widget-text-editor\" data-id=\"aa8929d\" data-element_type=\"widget\" data-e-type=\"widget\" data-widget_type=\"text-editor.default\">\n\t\t\t\t<div class=\"elementor-widget-container\">\n\t\t\t\t\t\t\t\t\t<p>DEALER FOR CZECH REPUBLIC<br \/><strong>Milo\u0161 Kazda<\/strong><br \/>+ 420 724 941 873<br \/><a href=\"mailto:milos.kazda@maxrounds.com\">milos.kazda@maxrounds.com<\/a><\/p>\t\t\t\t\t\t\t\t<\/div>\n\t\t\t\t<\/div>\n\t\t\t\t\t<\/div>\n\t\t<\/div>\n\t\t\t\t\t<\/div>\n\t\t<\/section>\n\t\t\t\t<div class=\"elementor-element elementor-element-69c2fe9a elementor-widget elementor-widget-text-editor\" data-id=\"69c2fe9a\" data-element_type=\"widget\" data-e-type=\"widget\" data-widget_type=\"text-editor.default\">\n\t\t\t\t<div class=\"elementor-widget-container\">\n\t\t\t\t\t\t\t\t\t\n<div id=\"node-18\" class=\"node node-page\">\n<div class=\"content clearfix\">\n<div class=\"field field-name-body field-type-text-with-summary field-label-hidden\">\n<div class=\"field-items\">\n<div class=\"field-item even\">\n<div class=\"resetfloat\">\u00a0<\/div>\n<h2>Maxrounds Team Shooters<\/h2>\n<p>\u00a0<\/p>\n<div class=\"nastred\">\n<table class=\"table-shooters\" style=\"text-align: center;\" border=\"0\" cellspacing=\"0\" cellpadding=\"0\" align=\"center\">\n<tbody>\n<tr>\n<td style=\"text-align: center;\"><a href=\"\/en\/profil-vaclav-vinduska\/\">V\u00e1clav Vindu\u0161ka<\/a><\/td>\n<td style=\"text-align: center;\"><a href=\"\/en\/profil-josef-rakusan\/\">Josef Raku\u0161an<\/a><\/td>\n<td style=\"text-align: center;\"><a href=\"\/en\/profil-frantisek-bindik\/\">Franti\u0161ek Bind\u00edk<\/a>\u00a0<\/td>\n<\/tr>\n<tr>\n<td style=\"text-align: center;\">\n<p><a href=\"\/en\/profil-vaclav-vinduska\/\" rel=\"\/profil-vaclav-vinduska\/\"><img decoding=\"async\" class=\"wp-image-524 size-full aligncenter lazyload\" data-src=\"https:\/\/www.maxrounds.com\/wp-content\/uploads\/2021\/01\/vinduska-1.jpg\" alt=\"\" width=\"160\" height=\"214\" data-srcset=\"https:\/\/www.maxrounds.com\/wp-content\/uploads\/2021\/01\/vinduska-1.jpg 160w, https:\/\/www.maxrounds.com\/wp-content\/uploads\/2021\/01\/vinduska-1-9x12.jpg 9w\" data-sizes=\"(max-width: 160px) 100vw, 160px\" src=\"data:image\/svg+xml;base64,PHN2ZyB3aWR0aD0iMSIgaGVpZ2h0PSIxIiB4bWxucz0iaHR0cDovL3d3dy53My5vcmcvMjAwMC9zdmciPjwvc3ZnPg==\" style=\"--smush-placeholder-width: 160px; --smush-placeholder-aspect-ratio: 160\/214;\" \/><\/a><\/p>\n<\/td>\n<td style=\"text-align: center;\"><a href=\"\/en\/profil-josef-rakusan\/\" rel=\"\/profil-josef-rakusan\"><img decoding=\"async\" class=\"wp-image-793 size-full aligncenter lazyload\" data-src=\"https:\/\/www.maxrounds.com\/wp-content\/uploads\/2021\/01\/rakusan.jpg\" alt=\"\" width=\"160\" height=\"214\" data-srcset=\"https:\/\/www.maxrounds.com\/wp-content\/uploads\/2021\/01\/rakusan.jpg 160w, https:\/\/www.maxrounds.com\/wp-content\/uploads\/2021\/01\/rakusan-9x12.jpg 9w\" data-sizes=\"(max-width: 160px) 100vw, 160px\" src=\"data:image\/svg+xml;base64,PHN2ZyB3aWR0aD0iMSIgaGVpZ2h0PSIxIiB4bWxucz0iaHR0cDovL3d3dy53My5vcmcvMjAwMC9zdmciPjwvc3ZnPg==\" style=\"--smush-placeholder-width: 160px; --smush-placeholder-aspect-ratio: 160\/214;\" \/><\/a><\/td>\n<td style=\"text-align: center;\"><a href=\"\/en\/profil-frantisek-bindik\/\" rel=\"\/profil-frantisek-bindik\"><img decoding=\"async\" class=\"wp-image-527 size-full aligncenter lazyload\" data-src=\"https:\/\/www.maxrounds.com\/wp-content\/uploads\/2021\/01\/bindik.jpg\" alt=\"\" width=\"160\" height=\"213\" data-srcset=\"https:\/\/www.maxrounds.com\/wp-content\/uploads\/2021\/01\/bindik.jpg 160w, https:\/\/www.maxrounds.com\/wp-content\/uploads\/2021\/01\/bindik-9x12.jpg 9w\" data-sizes=\"(max-width: 160px) 100vw, 160px\" src=\"data:image\/svg+xml;base64,PHN2ZyB3aWR0aD0iMSIgaGVpZ2h0PSIxIiB4bWxucz0iaHR0cDovL3d3dy53My5vcmcvMjAwMC9zdmciPjwvc3ZnPg==\" style=\"--smush-placeholder-width: 160px; --smush-placeholder-aspect-ratio: 160\/213;\" \/><\/a><\/td>\n<\/tr>\n<tr>\n<td style=\"text-align: center;\"><a href=\"\/en\/profil-petr-duchon\/\">\u00a0Petr Ducho\u0148<\/a><\/td>\n<td style=\"text-align: center;\"><a href=\"\/en\/profil-jiri-jedlicka\/\">Ji\u0159\u00ed Jedli\u010dka\u00a0<\/a><\/td>\n<td style=\"text-align: center;\"><a href=\"\/en\/profil-milos-kazda\/\">\u00a0Milo\u0161 Kazda<\/a><\/td>\n<\/tr>\n<tr>\n<td style=\"text-align: center;\" data-wp-editing=\"1\"><a href=\"\/en\/profil-petr-duchon\/\"><img decoding=\"async\" class=\"wp-image-792 size-full aligncenter lazyload\" title=\"\/profil-petr-duchon\" data-src=\"https:\/\/www.maxrounds.com\/wp-content\/uploads\/2021\/01\/duchon.jpg\" alt=\"\" width=\"160\" height=\"213\" data-srcset=\"https:\/\/www.maxrounds.com\/wp-content\/uploads\/2021\/01\/duchon.jpg 160w, https:\/\/www.maxrounds.com\/wp-content\/uploads\/2021\/01\/duchon-9x12.jpg 9w\" data-sizes=\"(max-width: 160px) 100vw, 160px\" src=\"data:image\/svg+xml;base64,PHN2ZyB3aWR0aD0iMSIgaGVpZ2h0PSIxIiB4bWxucz0iaHR0cDovL3d3dy53My5vcmcvMjAwMC9zdmciPjwvc3ZnPg==\" style=\"--smush-placeholder-width: 160px; --smush-placeholder-aspect-ratio: 160\/213;\" \/><\/a>\u00a0<\/td>\n<td style=\"text-align: center;\"><a href=\"\/en\/profil-jiri-jedlicka\/\" rel=\"\/profil-jiri-jedlicka\"><img decoding=\"async\" class=\"wp-image-791 size-full aligncenter lazyload\" data-src=\"https:\/\/www.maxrounds.com\/wp-content\/uploads\/2021\/01\/jedlicka.jpg\" alt=\"\" width=\"160\" height=\"214\" data-srcset=\"https:\/\/www.maxrounds.com\/wp-content\/uploads\/2021\/01\/jedlicka.jpg 160w, https:\/\/www.maxrounds.com\/wp-content\/uploads\/2021\/01\/jedlicka-9x12.jpg 9w\" data-sizes=\"(max-width: 160px) 100vw, 160px\" src=\"data:image\/svg+xml;base64,PHN2ZyB3aWR0aD0iMSIgaGVpZ2h0PSIxIiB4bWxucz0iaHR0cDovL3d3dy53My5vcmcvMjAwMC9zdmciPjwvc3ZnPg==\" style=\"--smush-placeholder-width: 160px; --smush-placeholder-aspect-ratio: 160\/214;\" \/><\/a><\/td>\n<td style=\"text-align: center;\"><a href=\"\/en\/profil-milos-kazda\/\" rel=\"\/profil-milos-kazda\"><img decoding=\"async\" class=\"wp-image-790 size-full aligncenter lazyload\" data-src=\"https:\/\/www.maxrounds.com\/wp-content\/uploads\/2021\/01\/kazda.jpg\" alt=\"\" width=\"160\" height=\"214\" data-srcset=\"https:\/\/www.maxrounds.com\/wp-content\/uploads\/2021\/01\/kazda.jpg 160w, https:\/\/www.maxrounds.com\/wp-content\/uploads\/2021\/01\/kazda-9x12.jpg 9w\" data-sizes=\"(max-width: 160px) 100vw, 160px\" src=\"data:image\/svg+xml;base64,PHN2ZyB3aWR0aD0iMSIgaGVpZ2h0PSIxIiB4bWxucz0iaHR0cDovL3d3dy53My5vcmcvMjAwMC9zdmciPjwvc3ZnPg==\" style=\"--smush-placeholder-width: 160px; --smush-placeholder-aspect-ratio: 160\/214;\" \/><\/a><\/td>\n<\/tr>\n<tr>\n<td style=\"text-align: center;\">\u00a0<a href=\"\/en\/profil-vladimir-polivka\/\">Vladim\u00edr Pol\u00edvka<\/a><\/td>\n<td style=\"text-align: center;\">\u00a0<a href=\"\/en\/profil-julius-skoda\/\">Julius \u0160koda<\/a><\/td>\n<td style=\"text-align: center;\">\u00a0Ivo Kramoli\u0161<\/td>\n<\/tr>\n<tr>\n<td style=\"text-align: center;\"><a href=\"\/en\/profil-vladimir-polivka\/\" rel=\"\/profil-vladimir-polivka\"><img decoding=\"async\" class=\"wp-image-795 size-full aligncenter lazyload\" data-src=\"https:\/\/www.maxrounds.com\/wp-content\/uploads\/2021\/01\/polivka.jpg\" alt=\"\" width=\"160\" height=\"214\" data-srcset=\"https:\/\/www.maxrounds.com\/wp-content\/uploads\/2021\/01\/polivka.jpg 160w, https:\/\/www.maxrounds.com\/wp-content\/uploads\/2021\/01\/polivka-9x12.jpg 9w\" data-sizes=\"(max-width: 160px) 100vw, 160px\" src=\"data:image\/svg+xml;base64,PHN2ZyB3aWR0aD0iMSIgaGVpZ2h0PSIxIiB4bWxucz0iaHR0cDovL3d3dy53My5vcmcvMjAwMC9zdmciPjwvc3ZnPg==\" style=\"--smush-placeholder-width: 160px; --smush-placeholder-aspect-ratio: 160\/214;\" \/><\/a><\/td>\n<td style=\"text-align: center;\"><a href=\"\/en\/profil-julius-skoda\/\" rel=\"\/profil-julius-skoda\"><img decoding=\"async\" class=\"wp-image-794 size-full aligncenter lazyload\" data-src=\"https:\/\/www.maxrounds.com\/wp-content\/uploads\/2021\/01\/skoda.jpg\" alt=\"\" width=\"160\" height=\"214\" data-srcset=\"https:\/\/www.maxrounds.com\/wp-content\/uploads\/2021\/01\/skoda.jpg 160w, https:\/\/www.maxrounds.com\/wp-content\/uploads\/2021\/01\/skoda-9x12.jpg 9w\" data-sizes=\"(max-width: 160px) 100vw, 160px\" src=\"data:image\/svg+xml;base64,PHN2ZyB3aWR0aD0iMSIgaGVpZ2h0PSIxIiB4bWxucz0iaHR0cDovL3d3dy53My5vcmcvMjAwMC9zdmciPjwvc3ZnPg==\" style=\"--smush-placeholder-width: 160px; --smush-placeholder-aspect-ratio: 160\/214;\" \/><\/a><\/td>\n<td style=\"text-align: center;\">\n<p><a href=\"https:\/\/www.maxrounds.com\/wp-content\/uploads\/2021\/01\/ivo.jpg\"><img decoding=\"async\" class=\"size-full wp-image-799 aligncenter lazyload\" data-src=\"https:\/\/www.maxrounds.com\/wp-content\/uploads\/2021\/01\/ivo.jpg\" alt=\"\" width=\"160\" height=\"214\" data-srcset=\"https:\/\/www.maxrounds.com\/wp-content\/uploads\/2021\/01\/ivo.jpg 160w, https:\/\/www.maxrounds.com\/wp-content\/uploads\/2021\/01\/ivo-9x12.jpg 9w\" data-sizes=\"(max-width: 160px) 100vw, 160px\" src=\"data:image\/svg+xml;base64,PHN2ZyB3aWR0aD0iMSIgaGVpZ2h0PSIxIiB4bWxucz0iaHR0cDovL3d3dy53My5vcmcvMjAwMC9zdmciPjwvc3ZnPg==\" style=\"--smush-placeholder-width: 160px; --smush-placeholder-aspect-ratio: 160\/214;\" \/><\/a><\/p>\n<\/td>\n<\/tr>\n<\/tbody>\n<\/table>\n<p>\u00a0<\/p>\n<h2>Races and results<\/h2>\n<table class=\"table-results\" border=\"0\" cellspacing=\"0\" cellpadding=\"0\" align=\"center\">\n<tbody>\n<tr>\n<td colspan=\"2\">\\<strong>2nd IPSC Shotgun WorldShoot 2015, Italy<\/strong><\/td>\n<td colspan=\"2\"><strong>1st IPSC Shotgun WorldShoot 2012, Hungary<\/strong><\/td>\n<\/tr>\n<tr>\n<td style=\"text-align: center;\">Open overall<\/td>\n<td style=\"text-align: center;\">Open Team<\/td>\n<td style=\"text-align: center;\">Open overall<\/td>\n<td style=\"text-align: center;\">Open Team<\/td>\n<\/tr>\n<tr>\n<td><a href=\"https:\/\/www.maxrounds.com\/wp-content\/uploads\/2021\/02\/ws2015oo_b.jpg\"><img decoding=\"async\" class=\"wp-image-913 alignnone lazyload\" data-src=\"https:\/\/www.maxrounds.com\/wp-content\/uploads\/2021\/02\/ws2015oo_b-300x199.jpg\" alt=\"\" width=\"300\" data-srcset=\"https:\/\/www.maxrounds.com\/wp-content\/uploads\/2021\/02\/ws2015oo_b-300x199.jpg 300w, https:\/\/www.maxrounds.com\/wp-content\/uploads\/2021\/02\/ws2015oo_b-768x509.jpg 768w, https:\/\/www.maxrounds.com\/wp-content\/uploads\/2021\/02\/ws2015oo_b-16x12.jpg 16w, https:\/\/www.maxrounds.com\/wp-content\/uploads\/2021\/02\/ws2015oo_b-416x276.jpg 416w, https:\/\/www.maxrounds.com\/wp-content\/uploads\/2021\/02\/ws2015oo_b.jpg 800w\" data-sizes=\"(max-width: 300px) 100vw, 300px\" src=\"data:image\/svg+xml;base64,PHN2ZyB3aWR0aD0iMSIgaGVpZ2h0PSIxIiB4bWxucz0iaHR0cDovL3d3dy53My5vcmcvMjAwMC9zdmciPjwvc3ZnPg==\" style=\"--smush-placeholder-width: 300px; --smush-placeholder-aspect-ratio: 300\/199;\" \/><\/a><\/td>\n<td><a href=\"https:\/\/www.maxrounds.com\/en\/ws2015to_b\/\"><img decoding=\"async\" class=\"alignnone wp-image-912 lazyload\" data-src=\"https:\/\/www.maxrounds.com\/wp-content\/uploads\/2021\/02\/ws2015to_b.jpg\" alt=\"\" width=\"300\" height=\"216\" src=\"data:image\/svg+xml;base64,PHN2ZyB3aWR0aD0iMSIgaGVpZ2h0PSIxIiB4bWxucz0iaHR0cDovL3d3dy53My5vcmcvMjAwMC9zdmciPjwvc3ZnPg==\" style=\"--smush-placeholder-width: 300px; --smush-placeholder-aspect-ratio: 300\/216;\" \/><\/a><\/td>\n<td><a href=\"https:\/\/www.maxrounds.com\/wp-content\/uploads\/2021\/02\/ws2012oo_b-1.jpg\"><img decoding=\"async\" class=\"alignnone wp-image-911 size-medium lazyload\" data-src=\"https:\/\/www.maxrounds.com\/wp-content\/uploads\/2021\/02\/ws2012oo_b-1-300x212.jpg\" alt=\"\" width=\"300\" data-srcset=\"https:\/\/www.maxrounds.com\/wp-content\/uploads\/2021\/02\/ws2012oo_b-1-300x212.jpg 300w, https:\/\/www.maxrounds.com\/wp-content\/uploads\/2021\/02\/ws2012oo_b-1-768x541.jpg 768w, https:\/\/www.maxrounds.com\/wp-content\/uploads\/2021\/02\/ws2012oo_b-1-16x12.jpg 16w, https:\/\/www.maxrounds.com\/wp-content\/uploads\/2021\/02\/ws2012oo_b-1-416x293.jpg 416w, https:\/\/www.maxrounds.com\/wp-content\/uploads\/2021\/02\/ws2012oo_b-1.jpg 800w\" data-sizes=\"(max-width: 300px) 100vw, 300px\" src=\"data:image\/svg+xml;base64,PHN2ZyB3aWR0aD0iMSIgaGVpZ2h0PSIxIiB4bWxucz0iaHR0cDovL3d3dy53My5vcmcvMjAwMC9zdmciPjwvc3ZnPg==\" style=\"--smush-placeholder-width: 300px; --smush-placeholder-aspect-ratio: 300\/212;\" \/><\/a><\/td>\n<td><a href=\"https:\/\/www.maxrounds.com\/wp-content\/uploads\/2021\/02\/ws2012ot_b-1.jpg\"><img decoding=\"async\" class=\"alignnone wp-image-910 size-medium lazyload\" data-src=\"https:\/\/www.maxrounds.com\/wp-content\/uploads\/2021\/02\/ws2012ot_b-1-300x205.jpg\" alt=\"\" width=\"300\" data-srcset=\"https:\/\/www.maxrounds.com\/wp-content\/uploads\/2021\/02\/ws2012ot_b-1-300x205.jpg 300w, https:\/\/www.maxrounds.com\/wp-content\/uploads\/2021\/02\/ws2012ot_b-1-768x524.jpg 768w, https:\/\/www.maxrounds.com\/wp-content\/uploads\/2021\/02\/ws2012ot_b-1-16x12.jpg 16w, https:\/\/www.maxrounds.com\/wp-content\/uploads\/2021\/02\/ws2012ot_b-1-416x284.jpg 416w, https:\/\/www.maxrounds.com\/wp-content\/uploads\/2021\/02\/ws2012ot_b-1.jpg 800w\" data-sizes=\"(max-width: 300px) 100vw, 300px\" src=\"data:image\/svg+xml;base64,PHN2ZyB3aWR0aD0iMSIgaGVpZ2h0PSIxIiB4bWxucz0iaHR0cDovL3d3dy53My5vcmcvMjAwMC9zdmciPjwvc3ZnPg==\" style=\"--smush-placeholder-width: 300px; --smush-placeholder-aspect-ratio: 300\/205;\" \/><\/a><\/td>\n<\/tr>\n<tr>\n<td style=\"text-align: center;\">1. Vinduska Vaclav (CZE, Maxrounds)<br \/><br \/>2. Khalitov Roman (RUS)<br \/><br \/>3. Frey Dirk (GER)<\/td>\n<td style=\"text-align: center;\">1. Russia Open<br \/>Khalitov R., Vsevolod I., Mubarakov R., Kirisenko A.<br \/>2. Czech Open<br \/>Vinduska V., Bindik F., Rakusan J., Kazda M.<br \/>3. Germany Open<br \/>Frey D., Streit T., Frey F., Midgley G.<\/td>\n<td style=\"text-align: center;\">1. Hos Ivan (SVK)<br \/><br \/>2. Shymchenko Oleksandr (UKR)<br \/><br \/>3. Rakusan Josef (CZE, Maxrounds)<\/td>\n<td style=\"text-align: center;\">1. Czech Open<br \/>Rakusan J., Vinduska V., Bindik F., Caprata J.<br \/>2. Russia Open<br \/>Novikov V., Vsevolod I., Vsevolod A., Kirisenko A.<br \/>3. Ukraine Open<br \/>Shymchenko, O., Vasin V., Braginskiy I., Klenov O.<\/td>\n<\/tr>\n<\/tbody>\n<\/table>\n\u200b\n<table class=\"table-results\" border=\"0\" cellspacing=\"0\" cellpadding=\"0\" align=\"center\">\n<tbody>\n<tr>\n<td style=\"text-align: center;\"><strong>ESC 2009 Open<\/strong><\/td>\n<td style=\"text-align: center;\"><strong>ESC 2009 Open Team<\/strong><\/td>\n<td style=\"text-align: center;\"><strong>ESC 2009 Open Seniors<\/strong><\/td>\n<\/tr>\n<tr>\n<td><a href=\"https:\/\/www.maxrounds.com\/wp-content\/uploads\/2021\/02\/enc_ceremony_open-1-1.jpg\"><img decoding=\"async\" class=\"alignnone size-medium wp-image-909 lazyload\" data-src=\"https:\/\/www.maxrounds.com\/wp-content\/uploads\/2021\/02\/enc_ceremony_open-1-1-300x225.jpg\" alt=\"\" width=\"300\" height=\"225\" data-srcset=\"https:\/\/www.maxrounds.com\/wp-content\/uploads\/2021\/02\/enc_ceremony_open-1-1-300x225.jpg 300w, https:\/\/www.maxrounds.com\/wp-content\/uploads\/2021\/02\/enc_ceremony_open-1-1-16x12.jpg 16w, https:\/\/www.maxrounds.com\/wp-content\/uploads\/2021\/02\/enc_ceremony_open-1-1.jpg 388w\" data-sizes=\"(max-width: 300px) 100vw, 300px\" src=\"data:image\/svg+xml;base64,PHN2ZyB3aWR0aD0iMSIgaGVpZ2h0PSIxIiB4bWxucz0iaHR0cDovL3d3dy53My5vcmcvMjAwMC9zdmciPjwvc3ZnPg==\" style=\"--smush-placeholder-width: 300px; --smush-placeholder-aspect-ratio: 300\/225;\" \/><\/a><\/td>\n<td><a href=\"https:\/\/www.maxrounds.com\/wp-content\/uploads\/2021\/02\/enc_ceremony_teamopen-2-1.jpg\"><img decoding=\"async\" class=\"alignnone size-medium wp-image-908 lazyload\" data-src=\"https:\/\/www.maxrounds.com\/wp-content\/uploads\/2021\/02\/enc_ceremony_teamopen-2-1-300x225.jpg\" alt=\"\" width=\"300\" height=\"225\" data-srcset=\"https:\/\/www.maxrounds.com\/wp-content\/uploads\/2021\/02\/enc_ceremony_teamopen-2-1-300x225.jpg 300w, https:\/\/www.maxrounds.com\/wp-content\/uploads\/2021\/02\/enc_ceremony_teamopen-2-1-16x12.jpg 16w, https:\/\/www.maxrounds.com\/wp-content\/uploads\/2021\/02\/enc_ceremony_teamopen-2-1.jpg 388w\" data-sizes=\"(max-width: 300px) 100vw, 300px\" src=\"data:image\/svg+xml;base64,PHN2ZyB3aWR0aD0iMSIgaGVpZ2h0PSIxIiB4bWxucz0iaHR0cDovL3d3dy53My5vcmcvMjAwMC9zdmciPjwvc3ZnPg==\" style=\"--smush-placeholder-width: 300px; --smush-placeholder-aspect-ratio: 300\/225;\" \/><\/a><\/td>\n<td><a href=\"https:\/\/www.maxrounds.com\/wp-content\/uploads\/2021\/02\/enc_ceremony_open_senio-3-1.jpg\"><img decoding=\"async\" class=\"alignnone size-medium wp-image-907 lazyload\" data-src=\"https:\/\/www.maxrounds.com\/wp-content\/uploads\/2021\/02\/enc_ceremony_open_senio-3-1-300x225.jpg\" alt=\"\" width=\"300\" height=\"225\" data-srcset=\"https:\/\/www.maxrounds.com\/wp-content\/uploads\/2021\/02\/enc_ceremony_open_senio-3-1-300x225.jpg 300w, https:\/\/www.maxrounds.com\/wp-content\/uploads\/2021\/02\/enc_ceremony_open_senio-3-1-16x12.jpg 16w, https:\/\/www.maxrounds.com\/wp-content\/uploads\/2021\/02\/enc_ceremony_open_senio-3-1.jpg 388w\" data-sizes=\"(max-width: 300px) 100vw, 300px\" src=\"data:image\/svg+xml;base64,PHN2ZyB3aWR0aD0iMSIgaGVpZ2h0PSIxIiB4bWxucz0iaHR0cDovL3d3dy53My5vcmcvMjAwMC9zdmciPjwvc3ZnPg==\" style=\"--smush-placeholder-width: 300px; --smush-placeholder-aspect-ratio: 300\/225;\" \/><\/a><\/td>\n<\/tr>\n<tr>\n<td style=\"text-align: center;\">1. Vinduska Vaclav (CZE,Maxrounds)<br \/>2. Pavlik Jan (SVK)<br \/>3. Frey Dirk (GER<\/td>\n<td style=\"text-align: center;\">1. CZECH OPEN (Maxrounds)<br \/>Vindu\u0161ka V.,Ducho\u0148 P., Kazda M.,<br \/>Jedli\u010dka J.<br \/>2. ITALIA OPEN<br \/>Riillo M.,\u00a0Buticchi E.<span style=\"line-height: 1.538em;\">, Romagnoli G.,<\/span><br \/>R.<span style=\"line-height: 1.538em;\">Ravizzini P. A.<\/span><br \/>3. SLOVAKIA OPEN<br \/>Pavl\u00edk J., Hos I., J\u00e1nsk\u00fd P., <br \/>Cislak M.<\/td>\n<td style=\"text-align: center;\">1. Riillo Mario (ITA)<br \/>2. Marek Miroslav (CZE)<br \/>3. \u0160koda Julius (CZE, Maxrounds)<\/td>\n<\/tr>\n<tr>\n<td>\u00a0<\/td>\n<td>\u00a0<\/td>\n<td>\u00a0<\/td>\n<\/tr>\n<\/tbody>\n<\/table>\n<p>\u00a0<\/p>\n<\/div>\n<\/div>\n<\/div>\n<\/div>\n<\/div>\n<div class=\"clearfix\">\n<div class=\"links\">\u00a0<\/div>\n<\/div>\n<\/div>\n\t\t\t\t\t\t\t\t<\/div>\n\t\t\t\t<\/div>\n\t\t\t\t\t<\/div>\n\t\t<\/div>\n\t\t\t\t\t<\/div>\n\t\t<\/section>\n\t\t\t\t<\/div>","protected":false},"excerpt":{"rendered":"<p>MAXROUNDScustomer &amp; technical supportMilo\u0161 Synek+ 420 608 371 107info@maxrounds.com DEALER PRO \u010cESKOU REPUBLIKU:Milo\u0161 Kazda+ 420 724 941 873milos.kazda@maxrounds.com \u00a0 Maxrounds Team Shooters \u00a0 V\u00e1clav Vindu\u0161ka Josef Raku\u0161an Franti\u0161ek Bind\u00edk\u00a0 \u00a0Petr Ducho\u0148 Ji\u0159\u00ed Jedli\u010dka\u00a0 \u00a0Milo\u0161 Kazda \u00a0 \u00a0Vladim\u00edr Pol\u00edvka \u00a0Julius \u0160koda \u00a0Ivo Kramoli\u0161 \u00a0 Z\u00e1vody a v\u00fdsledky 2nd IPSC Shotgun WorldShoot 2015, Italy 1st IPSC Shotgun [&hellip;]<\/p>\n","protected":false},"author":3,"featured_media":0,"parent":0,"menu_order":0,"comment_status":"closed","ping_status":"closed","template":"","meta":{"footnotes":""},"class_list":["post-499","page","type-page","status-publish","hentry"],"_links":{"self":[{"href":"https:\/\/www.maxrounds.com\/en\/wp-json\/wp\/v2\/pages\/499","targetHints":{"allow":["GET"]}}],"collection":[{"href":"https:\/\/www.maxrounds.com\/en\/wp-json\/wp\/v2\/pages"}],"about":[{"href":"https:\/\/www.maxrounds.com\/en\/wp-json\/wp\/v2\/types\/page"}],"author":[{"embeddable":true,"href":"https:\/\/www.maxrounds.com\/en\/wp-json\/wp\/v2\/users\/3"}],"replies":[{"embeddable":true,"href":"https:\/\/www.maxrounds.com\/en\/wp-json\/wp\/v2\/comments?post=499"}],"version-history":[{"count":93,"href":"https:\/\/www.maxrounds.com\/en\/wp-json\/wp\/v2\/pages\/499\/revisions"}],"predecessor-version":[{"id":952,"href":"https:\/\/www.maxrounds.com\/en\/wp-json\/wp\/v2\/pages\/499\/revisions\/952"}],"wp:attachment":[{"href":"https:\/\/www.maxrounds.com\/en\/wp-json\/wp\/v2\/media?parent=499"}],"curies":[{"name":"wp","href":"https:\/\/api.w.org\/{rel}","templated":true}]}}