{"id":3,"date":"2020-02-07T10:31:50","date_gmt":"2020-02-07T09:31:50","guid":{"rendered":"https:\/\/www.maxrounds.com\/?page_id=3"},"modified":"2023-05-24T16:01:43","modified_gmt":"2023-05-24T14:01:43","slug":"ochrana-osobnich-udaju","status":"publish","type":"page","link":"https:\/\/www.maxrounds.com\/en\/ochrana-osobnich-udaju\/","title":{"rendered":"Privacy Policy"},"content":{"rendered":"<div <br \/>\n<b>Warning<\/b>:  Increment on type bool has no effect, this will change in the next major version of PHP in <b>\/home\/webhosting\/maxrounds.com\/html\/www.maxrounds.com\/wp-content\/plugins\/elementor\/includes\/base\/controls-stack.php<\/b> on line <b>741<\/b><br \/>\ndata-elementor-type=\"wp-page\" data-elementor-id=\"3\" class=\"elementor elementor-3\">\n\t\t\t\t\t\t<section class=\"elementor-section elementor-top-section elementor-element elementor-element-3dac8625 elementor-section-boxed elementor-section-height-default elementor-section-height-default\" data-id=\"3dac8625\" data-element_type=\"section\" data-e-type=\"section\">\n\t\t\t\t\t\t<div class=\"elementor-container elementor-column-gap-default\">\n\t\t\t\t\t<div class=\"elementor-column elementor-col-100 elementor-top-column elementor-element elementor-element-75d2ece9\" data-id=\"75d2ece9\" data-element_type=\"column\" data-e-type=\"column\">\n\t\t\t<div class=\"elementor-widget-wrap elementor-element-populated\">\n\t\t\t\t\t\t<div class=\"elementor-element elementor-element-a6ed11d elementor-widget elementor-widget-text-editor\" data-id=\"a6ed11d\" data-element_type=\"widget\" data-e-type=\"widget\" data-widget_type=\"text-editor.default\">\n\t\t\t\t<div class=\"elementor-widget-container\">\n\t\t\t\t\t\t\t\t\t<p><\/p>\n<h2 class=\"wp-block-heading\">Who we are<\/h2>\n<p><\/p>\n<p><\/p>\n<p>Our web address is: https:\/\/www.maxrounds.com.<\/p>\n<p><\/p>\n<p><\/p>\n<h2 class=\"wp-block-heading\">What personal data we collect and why we collect it<\/h2>\n<p><\/p>\n<p><\/p>\n<h3 class=\"wp-block-heading\">Comments<\/h3>\n<p><\/p>\n<p><\/p>\n<p>When visitors add a comment to this website, the data displayed in the comment form, as well as the visitor's IP address and the user agent string defining the browser, are collected to help detect spam.<\/p>\n<p><\/p>\n<p><\/p>\n<p>Gravatar may be provided with an anonymous string created from your email address (also called a hash) to determine if you are using the service. The Gravatar privacy policy is available here: https:\/\/automattic.com\/privacy\/. After your comment is approved, your profile picture is visible to the public in the context of your comment.<\/p>\n<p><\/p>\n<p><\/p>\n<h3 class=\"wp-block-heading\">Media<\/h3>\n<p><\/p>\n<p><\/p>\n<p>If you upload images to this site, you should avoid uploading images with embedded location data (EXIF GPS). Website visitors can download and view any location data from images on the website.<\/p>\n<p><\/p>\n<p><\/p>\n<h3 class=\"wp-block-heading\">Contact forms<\/h3>\n<p><\/p>\n<p><\/p>\n<h3 class=\"wp-block-heading\">Cookies<\/h3>\n<p><\/p>\n<p><\/p>\n<p>If you add a comment to our site, you can allow the storage of your name, email address and website in cookies. In this way, we try to increase your comfort, when you write a new comment, you will not have to fill in this information again. These cookies will have a lifetime of one year.<\/p>\n<p><\/p>\n<p><\/p>\n<p>If you visit our login page, we will set temporary cookies to verify that your browser accepts cookies. This cookie does not contain any personal data and is deleted when you close your browser.<\/p>\n<p><\/p>\n<p><\/p>\n<p>When you log in, we will also set several cookies for you to save your login data and to set the screen display. Login cookies have a lifetime of two days and cookies for display settings have a lifetime of one year. If you confirm the \"Remember me\" option, your login will last for two weeks. If you log out of your account, the login cookies will be deleted.<\/p>\n<p><\/p>\n<p><\/p>\n<p>If you edit or publish an article, an additional cookie will be stored in your browser. This cookie does not contain any personal data and simply indicates the ID of the post you just edited. It will expire after 1 day.<\/p>\n<p><\/p>\n<p><\/p>\n<h3 class=\"wp-block-heading\">Embedded content from other websites<\/h3>\n<p><\/p>\n<p><\/p>\n<p>Posts on this site may contain embedded content (such as videos, images, articles, etc.). Embedded content from other websites behaves in the same way as if the visitor visited another website.<\/p>\n<p><\/p>\n<p><\/p>\n<p>These websites may collect data about you, use cookies, embed other third-party tracking, and track your interaction with that embedded content, including tracking your interaction with the embedded content if you have an account and are logged in to that website.<\/p>\n<p><\/p>\n<p><\/p>\n<h3 class=\"wp-block-heading\">Analytics<\/h3>\n<p><\/p>\n<p><\/p>\n<h2 class=\"wp-block-heading\">Who we share your data with<\/h2>\n<p><\/p>\n<p><\/p>\n<h2 class=\"wp-block-heading\">How long we keep your data<\/h2>\n<p><\/p>\n<p><\/p>\n<p>If you add a comment, the comment and its metadata will be retained indefinitely. The data is kept to automatically recognize and approve all subsequent comments, rather than holding them in a moderation queue.<\/p>\n<p><\/p>\n<p><\/p>\n<p>For users who register on this site (if they have this option), we also store the personal information they provide in their user profile. All users can see, edit or delete their personal information at any time (except that they cannot change their username). Site administrators can also view and edit this information.<\/p>\n<p><\/p>\n<p><\/p>\n<h2 class=\"wp-block-heading\">What are your rights?<\/h2>\n<p><\/p>\n<p><\/p>\n<p>If you have an account or have commented on this site, you can request to receive an export file of the personal data we hold about you, including any data you have provided to us. You can also request the deletion of any personal data we hold about you. This option does not include data that we are required to retain for administrative, legal or security reasons.<\/p>\n<p><\/p>\n<p><\/p>\n<h2 class=\"wp-block-heading\">Where do we send your data?<\/h2>\n<p><\/p>\n<p><\/p>\n<p>Visitor comments may be screened by an automated spam detection service that may be located abroad.<\/p>\n<p><\/p>\n<p><\/p><br><p><\/p>\t\t\t\t\t\t\t\t<\/div>\n\t\t\t\t<\/div>\n\t\t\t\t\t<\/div>\n\t\t<\/div>\n\t\t\t\t\t<\/div>\n\t\t<\/section>\n\t\t\t\t<\/div>","protected":false},"excerpt":{"rendered":"<p>Kdo jsme Na\u0161e webov\u00e1 adresa je: https:\/\/www.maxrounds.com. Jak\u00e9 shroma\u017e\u010fujeme osobn\u00ed \u00fadaje a pro\u010d je shroma\u017e\u010fujeme Koment\u00e1\u0159e Kdy\u017e n\u00e1v\u0161t\u011bvn\u00edci p\u0159idaj\u00ed koment\u00e1\u0159 na tento web, jsou shroma\u017e\u010fov\u00e1ny \u00fadaje zobrazen\u00e9 ve formul\u00e1\u0159i pro koment\u00e1\u0159, d\u00e1le IP adresa n\u00e1v\u0161t\u011bvn\u00edka a \u0159et\u011bzec user agent definuj\u00edc\u00ed prohl\u00ed\u017ee\u010d, co\u017e pom\u00e1h\u00e1 k detekci spamu. Slu\u017eb\u011b Gravatar m\u016f\u017ee b\u00fdt poskytnut anonymn\u00ed \u0159et\u011bzec vytvo\u0159en\u00fd z [&hellip;]<\/p>\n","protected":false},"author":1,"featured_media":0,"parent":0,"menu_order":0,"comment_status":"closed","ping_status":"open","template":"","meta":{"footnotes":""},"class_list":["post-3","page","type-page","status-publish","hentry"],"_links":{"self":[{"href":"https:\/\/www.maxrounds.com\/en\/wp-json\/wp\/v2\/pages\/3","targetHints":{"allow":["GET"]}}],"collection":[{"href":"https:\/\/www.maxrounds.com\/en\/wp-json\/wp\/v2\/pages"}],"about":[{"href":"https:\/\/www.maxrounds.com\/en\/wp-json\/wp\/v2\/types\/page"}],"author":[{"embeddable":true,"href":"https:\/\/www.maxrounds.com\/en\/wp-json\/wp\/v2\/users\/1"}],"replies":[{"embeddable":true,"href":"https:\/\/www.maxrounds.com\/en\/wp-json\/wp\/v2\/comments?post=3"}],"version-history":[{"count":4,"href":"https:\/\/www.maxrounds.com\/en\/wp-json\/wp\/v2\/pages\/3\/revisions"}],"predecessor-version":[{"id":1265,"href":"https:\/\/www.maxrounds.com\/en\/wp-json\/wp\/v2\/pages\/3\/revisions\/1265"}],"wp:attachment":[{"href":"https:\/\/www.maxrounds.com\/en\/wp-json\/wp\/v2\/media?parent=3"}],"curies":[{"name":"wp","href":"https:\/\/api.w.org\/{rel}","templated":true}]}}